{"id":1284,"date":"2018-01-23T16:48:18","date_gmt":"2018-01-23T19:48:18","guid":{"rendered":"https:\/\/belavistaflorestal.com.br\/apoio-ao-consultor\/"},"modified":"2018-07-27T11:19:38","modified_gmt":"2018-07-27T14:19:38","slug":"apoio-ao-consultor","status":"publish","type":"page","link":"https:\/\/belavistaflorestal.com.br\/en\/apoio-ao-consultor\/","title":{"rendered":"APOIO AO CONSULTOR"},"content":{"rendered":"<div class=\"wpb-content-wrapper\">[vc_row][vc_column][vc_column_text]\n<div class=\"h1_center\" style=\"text-align: left;\">\n<h1>APOIO AO CONSULTOR<\/h1>\n<\/div>\n<div class=\"conteudoTexto\" style=\"text-align: left;\">\n<p>(<em>Toona ciliata<\/em>\u00a0var.\u00a0<em>australis<\/em>)<\/p>\n<\/div>\n[\/vc_column_text][vc_empty_space][vc_single_image image=&#8221;684&#8243; alignment=&#8221;center&#8221;][vc_empty_space][vc_column_text]\n<div class=\"post-header\">Esta sess\u00e3o visa difundir o conhecimento t\u00e9cnico e cient\u00edfico sobre o cedro australiano (<em>Toona ciliata<\/em>), desenvolvido em colabora\u00e7\u00e3o com nosso programa de melhoramento e por outras fontes de produ\u00e7\u00e3o. O objetivo \u00e9 difundir informa\u00e7\u00e3o para respaldo t\u00e9cnico de consultores, profissionais da \u00e1rea e produtores que buscam mais sobre a cultura,\u00a0mostrando assim, o est\u00e1gio de desenvolvimento em que a cultura se encontra.<\/div>\n<div id=\"post-body-755345195786593335\" class=\"post-body entry-content\">\n<p>\u00a0 \u00a0 \u00a0Incentivamos, apoiamos e divulgamos pesquisa cient\u00edfica sobre a esp\u00e9cie. Se voc\u00ea produziu algum trabalho cient\u00edfico sobre a cultura do cedro australiano, envie sua refer\u00eancia bibliogr\u00e1fica e o link de onde o arquivo est\u00e1 hospedado. Ajude-nos a compor um banco de dados on-line sobre a esp\u00e9cie.<\/p>\n<\/div>\n<p>&nbsp;<\/p>\n<p><strong>Clique abaixo nas \u00e1reas de concentra\u00e7\u00e3o para ter acesso ao conte\u00fado bibliogr\u00e1fico produzido:<\/strong><\/p>\n<p>&nbsp;<\/p>\n<p><strong>1)<a href=\"https:\/\/belavistaflorestal.com.br\/apoio-ao-consultor\/taxonomia-nomenclatura-distribuicao-geografia-e-caracteristicas-botanicas\/\">Taxonomia, nomenclatura, distribui\u00e7\u00e3o geografia e caracter\u00edsticas bot\u00e2nicas<\/a><\/strong><\/p>\n<p><strong>2)\u00a0<a href=\"https:\/\/belavistaflorestal.com.br\/apoio-ao-consultor\/madeira-qualidade-e-usos\/\">Madeira: qualidade e usos<\/a><\/strong><\/p>\n<p><strong>3)\u00a0<a href=\"https:\/\/belavistaflorestal.com.br\/apoio-ao-consultor\/nutricao\/\">Nutri\u00e7\u00e3o<\/a><\/strong><\/p>\n<p><strong>4)\u00a0<a href=\"https:\/\/belavistaflorestal.com.br\/apoio-ao-consultor\/doencas-e-pragas\/\">Doen\u00e7as e pragas<\/a><\/strong><\/p>\n<p><strong>5)\u00a0<a href=\"https:\/\/belavistaflorestal.com.br\/apoio-ao-consultor\/sementes-e-mudas\/\">Sementes e mudas<\/a><\/strong><\/p>\n<p><strong>6)\u00a0<a href=\"https:\/\/belavistaflorestal.com.br\/apoio-ao-consultor\/melhoramento-genetico\/\">Melhoramento gen\u00e9tico<\/a><\/strong><\/p>\n<p><strong>7)\u00a0<a href=\"https:\/\/belavistaflorestal.com.br\/apoio-ao-consultor\/praticas-silviculturais-e-manejo\/\">Pr\u00e1ticas Silviculturais e Manejo<\/a><\/strong><\/p>\n<p><strong>8)\u00a0<a href=\"https:\/\/belavistaflorestal.com.br\/apoio-ao-consultor\/softwares-para-analises-diversas\/\">SOFTWARES para an\u00e1lises diversas<\/a><\/strong><\/p>\n<p><strong>9) Mecanismos de busca de literatura<\/strong><\/p>\n<p>___________________________________________________________________________________________________________________________________________________<\/p>\n<p><strong>Sobre a cultura e sua pesquisa<\/strong><\/p>\n<p>&nbsp;<\/p>\n<p>A cultura do cedro australiano (<em>Toona ciliata<\/em><span class=\"apple-converted-space\">\u00a0var.\u00a0<\/span><em>australis<\/em>) possui enorme potencial econ\u00f4mico no mundo, visando \u00e0 produ\u00e7\u00e3o de madeira serrada de alta qualidade. \u00a0Os principais produtos do processamento de suas \u00e1rvores s\u00e3o pranchas, t\u00e1buas e sarrafos, sendo a lenha, cavaco e p\u00f3, subprodutos obtidos durante o desdobro da madeira. A esp\u00e9cie tamb\u00e9m possui alto potencial para produ\u00e7\u00e3o de fitoqu\u00edmicos, sendo as mol\u00e9culas do grupo qu\u00edmico dos terpen\u00f3ides as principais subst\u00e2ncias bioativas obtidas nas plantas.<\/p>\n<p>Pertencente \u00e0 fam\u00edlia Meliaceae foi explorada at\u00e9 sua exaust\u00e3o econ\u00f4mica e gen\u00e9tica na Austr\u00e1lia e \u00c1sia e atualmente \u00e9 uma das esp\u00e9cies arb\u00f3reas mais amea\u00e7adas de extin\u00e7\u00e3o no mundo, segundo relat\u00f3rio divulgado pela Cabi.org Forestry Compendium. O grande interesse pela esp\u00e9cie vem de sua grande beleza (colora\u00e7\u00e3o variando entre amarelo claro, marrom e rosa avermelhado), acabamento fino, leveza e trabalhabilidade. Estas s\u00e3o caracter\u00edsticas comuns entre plantas da fam\u00edlia, como o cedro e mogno brasileiros.<\/p>\n<p>A esp\u00e9cie foi introduzida no Brasil em 1973 pela ent\u00e3o Aracruz Celulose no estado Esp\u00edrito Santo. Em 1989 foram distribu\u00eddas mudas para produtores, escolas agr\u00e1rias e interessados no estado, iniciando-se assim o desenvolvimento de plantios no Brasil.<\/p>\n<p>A premissa b\u00e1sica para a introdu\u00e7\u00e3o da esp\u00e9cie \u00e9 o fato do cedro australiano apresentar alta resist\u00eancia natural ao ataque da broca dos ponteiros, a mariposa\u00a0<em>Hypsipyla grandella<\/em>, respons\u00e1vel por inviabilizar a produ\u00e7\u00e3o de meli\u00e1ceas nacionais como o cedro rosa nativo (<em>Cedrela fissilis<\/em>) e mogno brasileiro (<em>Swietenia macrophylla<\/em>). Sua larva cria galerias na brota\u00e7\u00e3o apical das plantas, o que \u00a0impossibilita a forma\u00e7\u00e3o de fuste comercial ap\u00f3s o plantio. A madeira do cedro australiano apresenta enorme semelhan\u00e7a com o cedro e mogno brasileiros, principal raz\u00e3o de sua imediata aceita\u00e7\u00e3o de mercado e alto valor comercial que vem atingindo no pa\u00eds.<\/p>\n<p>Em 2002 a Bela Vista Florestal passa a ser parte dessa hist\u00f3ria. A empresa fundada pelos irm\u00e3o Ricardo e Erika Vilela, teve como objetivo original investir em florestas de eucaliptos e produzir mudas florestais com a cria\u00e7\u00e3o de um viveiro, tendo em seu portif\u00f3lio a produ\u00e7\u00e3o de mudas de \u00e1rvores nativas e eucalipto clonal. Ap\u00f3s seu primeiro contato com o cedro australiano, percebeu imediatamente seu potencial econ\u00f4mico e iniciou o caminho que a tornaria refer\u00eancia internacional pelo trabalho no melhoramento gen\u00e9tico da esp\u00e9cie.<\/p>\n<p>At\u00e9 ent\u00e3o, apesar do enorme potencial da cultura, o material multiplicado atrav\u00e9s de sementes apresentava grande desuniformidade nas principais caracter\u00edsticas silviculturais, como forma, altura, di\u00e2metro, resist\u00eancia \u00e0 pragas e doen\u00e7as e manejo das florestas plantadas. A falta de proced\u00eancia e qualidade das sementes comerciais dispon\u00edveis no pa\u00eds, agravada pela falta de conhecimento t\u00e9cnico e cient\u00edfico b\u00e1sico sobre a cultura, levou a Bela Vista Florestal em 2006 a buscar estrat\u00e9gias de melhoramento gen\u00e9tico para continuar trabalhando com a esp\u00e9cie.<\/p>\n<p>Surge em 2006 o Programa de Melhoramento Gen\u00e9tico do Cedro Australiano, iniciativa da Bela Vista Florestal com o apoio de institui\u00e7\u00f5es como a ag\u00eancia de pesquisa australiana CSIRO, a UFLA -Universidade Federal de Lavras, o Instituto Estadual de Florestas &#8211; IEF\/MG, entre outras. Com o objetivo de melhorar o cultivo do cedro australiano, foram criadas linhas de pesquisa em melhoramento gen\u00e9tico, nutri\u00e7\u00e3o, produ\u00e7\u00e3o de plantas, fitopatologia, manejo integrado de pragas, manejo florestal, silvicultura e tecnologia e qualidade da madeira, a fim de gerar informa\u00e7\u00f5es t\u00e9cnicas e cient\u00edficas.<\/p>\n<p>A reintrodu\u00e7\u00e3o da esp\u00e9cie no Brasil para fins de melhoramento gen\u00e9tico foi fundamental na transforma\u00e7\u00e3o do panorama existente, com a importa\u00e7\u00e3o de 101 matrizes de 16 origens existentes ao longo de toda a costa leste do continente australiano, \u00e1rea de ocorr\u00eancia natural da esp\u00e9cie.<\/p>\n<p>Atualmente existem 6 cultivares (clones) da esp\u00e9cie desenvolvidos pela Bela Vista Florestal e registrados no MAPA (Minist\u00e9rio da Agricultura, Pecu\u00e1ria e Abastecimento). Estes, aliados ao conhecimento e base bibliogr\u00e1fica gerada pelas diversas linhas de pesquisa realizadas,\u00a0elevaram a cultura a um n\u00edvel tecnol\u00f3gico que proporciona seguran\u00e7a ao produtor, com ganhos\u00a0de\u00a0produtividade de madeira entre 200 e 300 % a mais que o material comercial, resist\u00eancia \u00e0 pragas e doen\u00e7as e maior capacidade de adapta\u00e7\u00e3o em diferentes s\u00edtios, transformando a cultura do cedro australiano. A empresa continua investindo no desenvolvimento de novos materiais.<\/p>\n<p>Em 2014, a madeira do cedro australiano chegou ao mercado nacional. A comercializa\u00e7\u00e3o de madeira serrada atrav\u00e9s de pranchas, t\u00e1buas, forros e sarrafos, vem validar as expectativas existentes e mostrar a beleza e o potencial da esp\u00e9cie, com um portif\u00f3lio de clientes de peso. Foi lan\u00e7ada em 2015 a Austral, uma linha de produtos de decora\u00e7\u00e3o e utens\u00edlios feitos de madeira maci\u00e7a de cedro, aliando o melhor da esp\u00e9cie com o excelente trabalho de design do est\u00fadio mineiro Barral e Lamounier.<\/p>\n<p>Nas sess\u00f5es acima, voc\u00ea obter\u00e1 uma s\u00edntese das informa\u00e7\u00f5es geradas pelo Programa de Melhoramento, com informa\u00e7\u00f5es atualizadas sobre o cultivo da esp\u00e9cie. Se precisar, sinta-se \u00e0 vontade para entrar em contato conosco.<\/p>\n<p>&nbsp;<\/p>\n<p>Tenha uma boa leitura.<\/p>\n<p>&nbsp;<\/p>\n<p style=\"text-align: right;\"><strong>Eduardo Stehling<\/strong><\/p>\n<p style=\"text-align: right;\"><em>Bi\u00f3logo e gestor do Programa de Melhoramento do Cedro Australiano<\/em><\/p>\n[\/vc_column_text][vc_empty_space][\/vc_column][\/vc_row]\n<\/div>","protected":false},"excerpt":{"rendered":"<p>[vc_row][vc_column][vc_column_text] APOIO AO CONSULTOR (Toona ciliata\u00a0var.\u00a0australis) [\/vc_column_text][vc_empty_space][vc_single_image image=&#8221;684&#8243; alignment=&#8221;center&#8221;][vc_empty_space][vc_column_text] Esta sess\u00e3o visa difundir o conhecimento t\u00e9cnico e cient\u00edfico sobre o cedro australiano (Toona ciliata), desenvolvido em colabora\u00e7\u00e3o com nosso programa de melhoramento e por outras fontes de produ\u00e7\u00e3o. O objetivo \u00e9 difundir informa\u00e7\u00e3o para respaldo t\u00e9cnico de consultores, profissionais da \u00e1rea e produtores que buscam&hellip;<\/p>\n","protected":false},"author":7,"featured_media":0,"parent":0,"menu_order":0,"comment_status":"closed","ping_status":"closed","template":"","meta":{"_monsterinsights_skip_tracking":false,"_monsterinsights_sitenote_active":false,"_monsterinsights_sitenote_note":"","_monsterinsights_sitenote_category":0,"footnotes":""},"class_list":["post-1284","page","type-page","status-publish","hentry","entry","no-media"],"_links":{"self":[{"href":"https:\/\/belavistaflorestal.com.br\/en\/wp-json\/wp\/v2\/pages\/1284","targetHints":{"allow":["GET"]}}],"collection":[{"href":"https:\/\/belavistaflorestal.com.br\/en\/wp-json\/wp\/v2\/pages"}],"about":[{"href":"https:\/\/belavistaflorestal.com.br\/en\/wp-json\/wp\/v2\/types\/page"}],"author":[{"embeddable":true,"href":"https:\/\/belavistaflorestal.com.br\/en\/wp-json\/wp\/v2\/users\/7"}],"replies":[{"embeddable":true,"href":"https:\/\/belavistaflorestal.com.br\/en\/wp-json\/wp\/v2\/comments?post=1284"}],"version-history":[{"count":1,"href":"https:\/\/belavistaflorestal.com.br\/en\/wp-json\/wp\/v2\/pages\/1284\/revisions"}],"predecessor-version":[{"id":1298,"href":"https:\/\/belavistaflorestal.com.br\/en\/wp-json\/wp\/v2\/pages\/1284\/revisions\/1298"}],"wp:attachment":[{"href":"https:\/\/belavistaflorestal.com.br\/en\/wp-json\/wp\/v2\/media?parent=1284"}],"curies":[{"name":"wp","href":"https:\/\/api.w.org\/{rel}","templated":true}]}}