{"id":1285,"date":"2018-01-25T13:06:48","date_gmt":"2018-01-25T16:06:48","guid":{"rendered":"https:\/\/belavistaflorestal.com.br\/apoio-ao-consultor\/doencas-e-pragas\/"},"modified":"2018-07-27T11:26:04","modified_gmt":"2018-07-27T14:26:04","slug":"doencas-e-pragas","status":"publish","type":"page","link":"https:\/\/belavistaflorestal.com.br\/en\/apoio-ao-consultor\/doencas-e-pragas\/","title":{"rendered":"DOEN\u00c7AS E PRAGAS"},"content":{"rendered":"<div class=\"wpb-content-wrapper\">[vc_row][vc_column][vc_column_text]\n<div class=\"h1_center\">\n<div class=\"h1_center\">\n<div class=\"h1_center\">\n<h1>4) DOEN\u00c7AS E PRAGAS<\/h1>\n<\/div>\n<div class=\"conteudoTexto\">\n<p>&nbsp;<\/p>\n<p><strong>Em colabora\u00e7\u00e3o com a Bela Vista Florestal<\/strong><\/p>\n<p>&nbsp;<\/p>\n<p>-Mansur, T. O. F; Pozza, E. A; Zacaroni, A. B; Sussel, A. A. B;\u00a0 Stehling, E. 2010.\u00a0<strong>Efeito de fungicidas no crescimento micelial de\u00a0<em>Phyllachora balansae<\/em>.<\/strong>\u00a0In: XXIII CIUFLA. UFLA. Lavras, MG.\u00a0<a href=\"http:\/\/www.sbpcnet.org.br\/livro\/lavras\/resumos\/674.pdf\">http:\/\/www.sbpcnet.org.br\/livro\/lavras\/resumos\/674.pdf<\/a><\/p>\n<p>-ZACARONI, A. B. Pozza, E. A; Mansur, T. O. F; Sussel, A. A. B. 2013.\u00a0<strong>Occurrence of Phyllachora balansae in Toona ciliata in Southern Minas Gerais State, Brazil.<\/strong>\u00a0Summa Phytopathologica, Botucatu, v. 39, n. 3, p. 219-220.\u00a0<a href=\"http:\/\/www.scielo.br\/pdf\/sp\/v39n3\/a18v39n3.pdf\">http:\/\/www.scielo.br\/pdf\/sp\/v39n3\/a18v39n3.pdf<\/a><\/p>\n<p>&nbsp;<\/p>\n<p><strong>Outras institui\u00e7\u00f5es<\/strong><\/p>\n<p>&nbsp;<\/p>\n<p>-Agostinho, S. M. M;\u00a0 Silva, M. F. G. F; Fernandes, J. B; Vieira, P. C;\u00a0 Pinheiro, A. L.\u00a0 Vilela, E. F. 1994.\u00a0<strong>Limonoids from\u00a0<em>Toona data\u00a0<\/em>and Speculations on their Chemosystematic and Ecological Significance<\/strong>.\u00a0\u00a0<em>Biochemical Systematics and Ecology,\u00a0<\/em>Vol.\u00a0<em>22, No. 3, pp. 323-328.\u00a0<\/em><a href=\"http:\/\/www.sciencedirect.com\/science\/article\/pii\/003194229400568E\">http:\/\/www.sciencedirect.com\/science\/article\/pii\/003194229400568E<\/a><\/p>\n<p>&nbsp;<\/p>\n<p>-Ahmad, I. and A.R. Bhutta. 1993.\u00a0<strong>Fungi associated with land scape tree seed in Islamabad, Pakistan.<\/strong>\u00a0Pak. J. Phytopathol., 5: 126-129.\u00a0<a href=\"http:\/\/pjp.pakps.com\/files\/09-12-Arshad-Javaid.pdf\">http:\/\/pjp.pakps.com\/files\/09-12-Arshad-Javaid.pdf<\/a><\/p>\n<p>&nbsp;<\/p>\n<p>-Baldin, E. L. L; Fanela, T. L. M; Pannuti, L. E. R; Kato, M. J; Takeara, R; Crotti, A E.M. 2015.\u00a0<strong>Botanical extracts: alternative control for silverleaf whitefly management in tomato.<\/strong>\u00a0<em>Horticultura Brasileira<\/em>,\u00a0<em>33<\/em>(1), 59-65.\u00a0<a href=\"http:\/\/www.scielo.br\/pdf\/hb\/v33n1\/0102-0536-hb-33-01-00059.pdf\">http:\/\/www.scielo.br\/pdf\/hb\/v33n1\/0102-0536-hb-33-01-00059.pdf<\/a><\/p>\n<p>&nbsp;<\/p>\n<p>-Bygrave, F. L; Bygrave, P. L. 2005.\u00a0<strong>Growing australian red cedar and other Meliaceae Species in plantation<\/strong>. Canberra: RIRDC. 60 p.\u00a0<a href=\"https:\/\/rirdc.infoservices.com.au\/downloads\/04-135.pdf\">https:\/\/rirdc.infoservices.com.au\/downloads\/04-135.pdf<\/a><\/p>\n<p>&nbsp;<\/p>\n<p>-Costa , J. R; Morais, R. R. Campos, L. S. 2013.\u00a0<strong>Cultivo e manejo do mogno (Swietenia macrophylla King.)<\/strong>\u00a0EMBRAPA. Bel\u00e9m, Pa.. Documentos 114. 40p.\u00a0<a href=\"http:\/\/ainfo.cnptia.embrapa.br\/digital\/bitstream\/item\/117338\/1\/Doc-114-A5.pdf\">http:\/\/ainfo.cnptia.embrapa.br\/digital\/bitstream\/item\/117338\/1\/Doc-114-A5.pdf<\/a><\/p>\n<p>&nbsp;<\/p>\n<p>-Costa, M. S. S;\u00a0 Ohashi, O. S; Silva, J. N. M;\u00a0 Silva, M. F. G. F. 2000.<strong>\u00a0Controle da broca do mogno atrav\u00e9s da prefer\u00eancia de ovoposic\u00e3o de\u00a0<em>Hypsipyla grandella<\/em>\u00a0Zeller sobre\u00a0<em>Toona ciliata<\/em>\u00a0M. J. Roem. plantado em cons\u00f3rcio com\u00a0<em>Swiefenia macrophylla<\/em>\u00a0King.<\/strong>EMBRAPA. Bel\u00e9m, Pa. Comunicado T\u00e9cnico 47. 3p.\u00a0<a href=\"https:\/\/www.infoteca.cnptia.embrapa.br\/infoteca\/bitstream\/doc\/381293\/1\/ComTec47.pdf\">https:\/\/www.infoteca.cnptia.embrapa.br\/infoteca\/bitstream\/doc\/381293\/1\/ComTec47.pdf<\/a><\/p>\n<p>&nbsp;<\/p>\n<p>-Cunningham, S. A; Floyd, R. B. 2006.\u00a0\u00a0<strong><em>Toona ciliata<\/em>\u00a0that suffer frequent height-reducing herbivore damage by a shoot-boring moth (Hypsipyla robusta) are taller.<\/strong>\u00a0Forest Ecology and Management, 225, 400\u2013403.\u00a0<a href=\"http:\/\/www.sciencedirect.com\/science\/article\/pii\/S0378112705007759\">http:\/\/www.sciencedirect.com\/science\/article\/pii\/S0378112705007759<\/a><\/p>\n<p>&nbsp;<\/p>\n<p>-Cunningham, S.A; Floyd, R.B; Griffiths, M.W; Wylie, F. W. 2005. \u00a0<strong>Patterns of host use by the shoot-borer Hypsipyla robusta (Pyralidae: Lepidoptera) comparing five Meliaceae tree species in Asia and Australia.<\/strong>\u00a0Forest Ecology and Management, 205, 351-357.\u00a0<a href=\"http:\/\/www.sciencedirect.com\/science\/article\/pii\/S0378112704007728\">http:\/\/www.sciencedirect.com\/science\/article\/pii\/S0378112704007728<\/a><\/p>\n<p>&nbsp;<\/p>\n<p>-Flores, J.P. 2006.\u00a0<strong>Inducing resistance of Spanish cedar cedrela odorata L. and mahogany Swietenia macrophylla King against Hypsipyla grandella (Zeller) by grafting.<\/strong>\u00a0University of Idaho, Russia. (Ph. D. Thesis).\u00a0<a href=\"http:\/\/orton.catie.ac.cr\/repdoc\/a1310i\/a1310i.pdf\">http:\/\/orton.catie.ac.cr\/repdoc\/a1310i\/a1310i.pdf<\/a><\/p>\n<p>&nbsp;<\/p>\n<p>-Floyd, R. B; Hauxwell, C. 1996.\u00a0<strong>Hypsipyla Shoot Borers in Meliaceae.<\/strong>\u00a0In Proceedings of an International Workshop held at Kandy, Sri Lanka 20\u201323 August 1996.\u00a0<a href=\"http:\/\/eprints.qut.edu.au\/76187\/1\/76187.pdf\">http:\/\/eprints.qut.edu.au\/76187\/1\/76187.pdf<\/a><\/p>\n<p>&nbsp;<\/p>\n<p>-Griffiths, M.W., 2001.\u00a0<strong>The biology and ecology of Hypsipyla shoot borers.<\/strong>\u00a0In: Floyd, R.B., Hauxwell, C. (Eds.), Hypsipyla shoot borers in Meliaceae: Proceedings of an International Workshop, Kandy, Sri Lanka, 1996. Australian Centre for International Agricultural Research, Canberra, pp. 74\u201395.\u00a0<a href=\"http:\/\/aciar.gov.au\/files\/node\/2239\/pr97chapter3.pdf\">http:\/\/aciar.gov.au\/files\/node\/2239\/pr97chapter3.pdf<\/a><\/p>\n<p>&nbsp;<\/p>\n<p>-Grijpma P, 1972.\u00a0<strong>Studies on the shootborer Hypsipyla grandella (Zeller) (Lep., Pyralidae).<\/strong>\u00a0X. Observations on the egg parasite Trichogramma semifumatum (Perkins) (Hym.:Trichogrammatidae). Turrialba, 22(4):398-402.\u00a0<a href=\"https:\/\/www.cabdirect.org\/cabdirect\/abstract\/19730509246\">https:\/\/www.cabdirect.org\/cabdirect\/abstract\/19730509246<\/a><\/p>\n<p>&nbsp;<\/p>\n<p>-Grijpma, P. 1970.\u00a0<strong>Immunity of Toona ciliata M. Roem var australis (F.v.M.) C.DC. and Khaya ivorensis A. Chev.to attacks of Hypsipyla grandella Zeller in Turrialba, Costa Rica.<\/strong>\u00a0Turrialba, 20( 1 ): 85-93.\u00a0<a href=\"http:\/\/agris.fao.org\/agris-search\/search.do?recordID=US201301189103\">http:\/\/agris.fao.org\/agris-search\/search.do?recordID=US201301189103<\/a><\/p>\n<p>&nbsp;<\/p>\n<p>-Grijpma, P. 1976.\u00a0<strong>Resistance of Meliaceae against the shoot borer Hypsipyla with particular reference to\u00a0<em>Toona ciliata<\/em>\u00a0M. J. Roem. var australis (F. v. Muell.) C.DC. In: Tropical Trees: Variation, Breeding and Conservation n<\/strong>\u00a0(ed. by J. Burley and B. T. Styles), pp. 69-78. Academic Press, London.\u00a0<a href=\"http:\/\/www.fao.org\/forestry\/13565-0b495b527395a3c2e411d842468d29276.pdf\">http:\/\/www.fao.org\/forestry\/13565-0b495b527395a3c2e411d842468d29276.pdf<\/a><\/p>\n<p>&nbsp;<\/p>\n<p>-Kalil Filho, A. N; Hoffmann, H. A Santana, D. L. Q. 2008.\u00a0<strong>Avalia\u00e7\u00e3o de Combina\u00e7\u00f5es Enxerto\/Porta-Enxerto Visando \u00e0 Indu\u00e7\u00e3o de Resist\u00eancia \u00e0 Broca das Meli\u00e1ceas por Enxertia. EMBRAPA Florestas.<\/strong>\u00a0Colombo, Pr. 22 p. (Boletim de Pesquisa e Desenvolvimento 41)\u00a0<a href=\"https:\/\/www.infoteca.cnptia.embrapa.br\/infoteca\/bitstream\/doc\/315899\/1\/BPD41CD.pdf\">https:\/\/www.infoteca.cnptia.embrapa.br\/infoteca\/bitstream\/doc\/315899\/1\/BPD41CD.pdf<\/a><\/p>\n<p>&nbsp;<\/p>\n<p>-Lunz, A. M; Thomazini, M. J; Moraes, M. C. B; Neves, E. J. M; Batista, T. F. C; Degenhardt, J; Souza, L. A; Ohashi, O. S. 2009.<strong>\u00a0<em>Hypsipyla grandella<\/em>\u00a0em mogno (<em>Switenia macrophylla<\/em>): Situa\u00e7\u00e3o atual e perspectivas.<\/strong>\u00a0Pesquisa Floresta Brasileira, Colombo, n. 57, p. 45-55.\u00a0<a href=\"http:\/\/ainfo.cnptia.embrapa.br\/digital\/bitstream\/item\/37629\/1\/Hypsipyla-grandella-em-mogno-Swietenia-macrophylla-situacao-atual-e-perspectivas..pdf\">http:\/\/ainfo.cnptia.embrapa.br\/digital\/bitstream\/item\/37629\/1\/Hypsipyla-grandella-em-mogno-Swietenia-macrophylla-situacao-atual-e-perspectivas..pdf<\/a><\/p>\n<p>&nbsp;<\/p>\n<p>-Maia, B. H. L. N. S; Paula, J. R; Sant&#8217;Ana, J; Silva, M. G. F; Fernandes, J. B; Vieira, P. C; Costa, M. S. S; Ohashi, O. S; Silva, J M. 2000.<strong>Essential oils of Toona and Cedrela Species (Meliaceae): taxonomic and ecological implications.<\/strong>\u00a0<em>Journal of the Brazilian Chemical Society<\/em>,\u00a0<em>11<\/em>(6), 629-639.\u00a0<a href=\"http:\/\/www.scielo.br\/pdf\/jbchs\/v11n6\/3595.pdf\">http:\/\/www.scielo.br\/pdf\/jbchs\/v11n6\/3595.pdf<\/a><\/p>\n<p>&nbsp;<\/p>\n<p>-Newton, A. C; Watt, A. D; Lopez, F; Corea, E.\u00a01999.\u00a0<strong>Genetic variation in host susceptibility to attack by the mahogany shoot borer,\u00a0<em>Hypsipylla grandella (zeller).\u00a0<\/em><\/strong>Agricultural and Forest Entomology. 1(1):11 \u2013 18.\u00a0<a href=\"http:\/\/onlinelibrary.wiley.com\/doi\/10.1046\/j.1461-9563.1999.00002.x\/abstract\">http:\/\/onlinelibrary.wiley.com\/doi\/10.1046\/j.1461-9563.1999.00002.x\/abstract<\/a><\/p>\n<p>&nbsp;<\/p>\n<p>-Ohashi, O. S; Costa, M. S. S;\u00a0 Silva, J. N. M; Silva, M. F. G. F. 2000.<strong>\u00a0Resist\u00eancia do tipo antibiose apresentada pelas folhas novas de\u00a0<em>Toona ciliata<\/em>\u00a0M. Roem as lagartas de Hypsipyla Grandella Zeller.\u00a0<\/strong>\u00a0EMBRAPA, Bel\u00e9m, Pa. Comunicado. T\u00e9cnico 48. 3p.\u00a0<a href=\"https:\/\/www.infoteca.cnptia.embrapa.br\/infoteca\/bitstream\/doc\/381291\/1\/ComTec48.pdf\">https:\/\/www.infoteca.cnptia.embrapa.br\/infoteca\/bitstream\/doc\/381291\/1\/ComTec48.pdf<\/a><\/p>\n<p>&nbsp;<\/p>\n<p>-Perez, J; Eigenbrode, S.D; Hilje, L; Tripepi, R.R; Aguilar, M. E; Mesen, F. 2010.\u00a0<strong>Use of grafting to prevent\u00a0<em>Hypsipyla grandella<\/em>\u00a0(Zeller) (Lepidoptera: Pyralidae) damage to New World Meliaceae species.<\/strong>\u00a0Neotropical\u00a0Entomology 39:618\u2013625.\u00a0<a href=\"http:\/\/www.scielo.br\/pdf\/ne\/v39n4\/24.pdf\">http:\/\/www.scielo.br\/pdf\/ne\/v39n4\/24.pdf<\/a><\/p>\n<p>&nbsp;<\/p>\n<p>-P\u00e9rez-Flores, J; Eigenbrode, S. D; Hijie-Queiroz, L. H. 2012.<strong>\u00a0Alkaloids, limonoids na phenols from meliaceae species decrease survival and performance of\u00a0<em>Hypsipyla grandella\u00a0<\/em>larvae. Americam journal of Plant Sciences.<\/strong>\u00a03(7). P. 988-994.\u00a0<a href=\"http:\/\/www.scirp.org\/journal\/PaperInformation.aspx?PaperID=20722\">http:\/\/www.scirp.org\/journal\/PaperInformation.aspx?PaperID=20722<\/a><\/p>\n<p>&nbsp;<\/p>\n<p>-Queiroz, D. L; Daniel Burckhardt, D;\u00a0 Anjos, N. 2013.\u00a0<strong>Psil\u00eddeos no Brasil: 8 &#8211; Mastigimas anjosi (Hemiptera, Psylloidea), nova praga da\u00a0<em>Toona ciliata<\/em>\u00a0no Brasil.<\/strong>\u00a0EMBRAPA. Colombo, pr. comunicado t\u00e9cnico 313. 7p.\u00a0<a href=\"http:\/\/ainfo.cnptia.embrapa.br\/digital\/bitstream\/item\/82815\/1\/CT-313-Dalva-final.pdf\">http:\/\/ainfo.cnptia.embrapa.br\/digital\/bitstream\/item\/82815\/1\/CT-313-Dalva-final.pdf<\/a><\/p>\n<p>&nbsp;<\/p>\n<p>-Silva, H. R. 2014.<strong>\u00a0Mancha de Cercospora em\u00a0<em>Toona ciliata<\/em>\u00a0no Brasil.<\/strong>\u00a0Lavras, MG. 63 p. (Disserta\u00e7\u00e3o P\u00f3s Gradua\u00e7\u00e3o em Agronomia\/Fitopatologia, UFLA)\u00a0<a href=\"http:\/\/repositorio.ufla.br\/handle\/1\/4669\">http:\/\/repositorio.ufla.br\/handle\/1\/4669<\/a><\/p>\n<p>&nbsp;<\/p>\n<p>-Viegas J\u00fanior, C. 2003.\u00a0<strong>Terpenos com atividade inseticida: uma alternativa para o controle qu\u00edmico de insetos.<\/strong>\u00a0<em>Qu\u00edmica Nova<\/em>,\u00a0<em>26<\/em>(3), 390-400.\u00a0<a href=\"http:\/\/www.scielo.br\/pdf\/qn\/v26n3\/15666.pdf\">http:\/\/www.scielo.br\/pdf\/qn\/v26n3\/15666.pdf<\/a><\/p>\n<p>&nbsp;<\/p>\n<p>-Watt, A. D; Newton, A. C; Cornelius, J. P. 1996.\u00a0<strong>Resistence in mohogamies to Hypsipyla species: a basis for integrated pest management. In: Hypsipyla shoot borers in Meliaceae.<\/strong>\u00a0Proceedings of an International Workshop held at Kandy, Sri Lanka. P 89-95.\u00a0<a href=\"http:\/\/eprints.qut.edu.au\/76187\/1\/76187.pdf\">http:\/\/eprints.qut.edu.au\/76187\/1\/76187.pdf<\/a><\/p>\n<\/div>\n<\/div>\n<div class=\"conteudoTexto\"><\/div>\n<\/div>\n[\/vc_column_text][\/vc_column][\/vc_row]\n<\/div>","protected":false},"excerpt":{"rendered":"<p>[vc_row][vc_column][vc_column_text] 4) DOEN\u00c7AS E PRAGAS &nbsp; Em colabora\u00e7\u00e3o com a Bela Vista Florestal &nbsp; -Mansur, T. O. F; Pozza, E. A; Zacaroni, A. B; Sussel, A. A. B;\u00a0 Stehling, E. 2010.\u00a0Efeito de fungicidas no crescimento micelial de\u00a0Phyllachora balansae.\u00a0In: XXIII CIUFLA. UFLA. Lavras, MG.\u00a0http:\/\/www.sbpcnet.org.br\/livro\/lavras\/resumos\/674.pdf -ZACARONI, A. B. Pozza, E. A; Mansur, T. O. F; Sussel, A.&hellip;<\/p>\n","protected":false},"author":7,"featured_media":0,"parent":1284,"menu_order":0,"comment_status":"closed","ping_status":"closed","template":"templates\/right-sidebar.php","meta":{"_monsterinsights_skip_tracking":false,"_monsterinsights_sitenote_active":false,"_monsterinsights_sitenote_note":"","_monsterinsights_sitenote_category":0,"footnotes":""},"class_list":["post-1285","page","type-page","status-publish","hentry","entry","no-media"],"_links":{"self":[{"href":"https:\/\/belavistaflorestal.com.br\/en\/wp-json\/wp\/v2\/pages\/1285","targetHints":{"allow":["GET"]}}],"collection":[{"href":"https:\/\/belavistaflorestal.com.br\/en\/wp-json\/wp\/v2\/pages"}],"about":[{"href":"https:\/\/belavistaflorestal.com.br\/en\/wp-json\/wp\/v2\/types\/page"}],"author":[{"embeddable":true,"href":"https:\/\/belavistaflorestal.com.br\/en\/wp-json\/wp\/v2\/users\/7"}],"replies":[{"embeddable":true,"href":"https:\/\/belavistaflorestal.com.br\/en\/wp-json\/wp\/v2\/comments?post=1285"}],"version-history":[{"count":1,"href":"https:\/\/belavistaflorestal.com.br\/en\/wp-json\/wp\/v2\/pages\/1285\/revisions"}],"predecessor-version":[{"id":1299,"href":"https:\/\/belavistaflorestal.com.br\/en\/wp-json\/wp\/v2\/pages\/1285\/revisions\/1299"}],"up":[{"embeddable":true,"href":"https:\/\/belavistaflorestal.com.br\/en\/wp-json\/wp\/v2\/pages\/1284"}],"wp:attachment":[{"href":"https:\/\/belavistaflorestal.com.br\/en\/wp-json\/wp\/v2\/media?parent=1285"}],"curies":[{"name":"wp","href":"https:\/\/api.w.org\/{rel}","templated":true}]}}