{"id":1286,"date":"2018-01-25T12:53:22","date_gmt":"2018-01-25T15:53:22","guid":{"rendered":"https:\/\/belavistaflorestal.com.br\/apoio-ao-consultor\/madeira-qualidade-e-usos\/"},"modified":"2018-07-27T11:26:13","modified_gmt":"2018-07-27T14:26:13","slug":"madeira-qualidade-e-usos","status":"publish","type":"page","link":"https:\/\/belavistaflorestal.com.br\/en\/apoio-ao-consultor\/madeira-qualidade-e-usos\/","title":{"rendered":"MADEIRA: QUALIDADE E USOS"},"content":{"rendered":"<div class=\"wpb-content-wrapper\">[vc_row][vc_column][vc_column_text]\n<div class=\"h1_center\">\n<div class=\"h1_center\">\n<h1>2) MADEIRA: QUALIDADE E USOS<\/h1>\n<\/div>\n<div class=\"conteudoTexto\">\n<p>&nbsp;<\/p>\n<p><strong>Em colabora\u00e7\u00e3o com a Bela Vista Florestal<\/strong><\/p>\n<p>&nbsp;<\/p>\n<p>-Albino, V. C. S; S\u00e1, V. A; Bufalino, L;\u00a0 Mendes, L. M; Almeida, N. A. 2011.\u00a0<strong>Avalia\u00e7\u00e3o das propriedades f\u00edsico-mec\u00e2nicas de pain\u00e9is compensados de Toona ciliata M. Roem. var. australis.<\/strong>\u00a0Cerne. \u00a0V.17, n.1. p. 103-108.\u00a0<a href=\"http:\/\/www.scielo.br\/pdf\/cerne\/v17n1\/v17n1a12.pdf\">http:\/\/www.scielo.br\/pdf\/cerne\/v17n1\/v17n1a12.pdf<\/a><\/p>\n<p>&nbsp;<\/p>\n<p>-Almeida N. A.\u00a0<strong>Biodegrada\u00e7\u00e3o de produtos \u00e0 base da madeira de cedro australiano (<em>Toona ciliata<\/em>\u00a0M. Roem. var.\u00a0<em>australis<\/em>)<\/strong>. Universidade federal de Lavras. Lavras, MG. 86 p. (Disserta\u00e7\u00e3o P\u00f3s Gradua\u00e7\u00e3o em Ci\u00eancia e Tecnologia da Madeira, UFLA).\u00a0<a href=\"http:\/\/repositorio.ufla.br\/handle\/1\/2450?mode=full\">http:\/\/repositorio.ufla.br\/handle\/1\/2450?mode=full<\/a><\/p>\n<p>&nbsp;<\/p>\n<p>-Bufalino, L.; Abino, V. C. S.; S\u00e1, V. A.; Correa, A. A. R.; Mendes, L. M.; Almeida, N. A. 2012.\u00a0<strong>Particleboards made from Australian red cedar: processing variables and evaluation of mixed species<\/strong>. Journal of Tropical Forest Science. v. 24, n. 2, p. 162-172.\u00a0<a href=\"http:\/\/www.frim.gov.my\/v1\/JTFSOnline\/jtfs\/v24n2\/162-172.pdf\">www.frim.gov.my\/v1\/JTFSOnline\/jtfs\/v24n2\/162-172.pdf<\/a><\/p>\n<p>&nbsp;<\/p>\n<p>-Bufalino, L; Prot\u00e1sio, T. P;\u00a0 C\u00e9sar, A. A. S; S\u00e1, V. A; Mendes, L. M. 2012.\u00a0<strong>Modelagem de Propriedades F\u00edsicas e Mec\u00e2nicas em Pain\u00e9is Aglomerados de Cedro Australiano.<\/strong>\u00a0Floresta e Ambiente. 19(2):243-249.\u00a0<a href=\"http:\/\/www.floram.org\/files\/v19n2\/v19n2a17.pdf\">www.floram.org\/files\/v19n2\/v19n2a17.pdf<\/a><\/p>\n<p>&nbsp;<\/p>\n<p>-Bufalino, L; Corr\u00eaa, A. A. R; V\u00e2nia Aparecida de S\u00e1, V. A; Lourival Marin Mendes, L. M; Almeida, N. A; Vinnicius Dordenoni Pizzol, V. D. 2015.\u00a0<strong>Alternative compositions of oriented strand boards (osb) made with commercial woods produced in brazil.<\/strong>\u00a0Maderas. Ciencia y tecnolog\u00eda 17(1): 105 \u2013 116.\u00a0<a href=\"http:\/\/www.scielo.cl\/pdf\/maderas\/v17n1\/aop1115.pdf\">http:\/\/www.scielo.cl\/pdf\/maderas\/v17n1\/aop1115.pdf<\/a><\/p>\n<p>&nbsp;<\/p>\n<p>-Farias, E. S. 2013.\u00a0<strong>Sele\u00e7\u00e3o em teste de origem e prog\u00eanies de\u00a0<em>Tonna ciliata<\/em>\u00a0M. Roemer. Var.\u00a0<em>australis<\/em>, para densidade da madeira em avalia\u00e7\u00f5es destrutivas e n\u00e3o destrutivas.<\/strong>\u00a0Universidade Federal de Lavras. Lavras, MG. 95 p. (Disserta\u00e7\u00e3o P\u00f3s Gradua\u00e7\u00e3o em Ci\u00eancia e Tecnologia da Madeira, UFLA).\u00a0<a href=\"http:\/\/repositorio.ufla.br\/jspui\/handle\/1\/1421\">http:\/\/repositorio.ufla.br\/jspui\/handle\/1\/1421<\/a><\/p>\n<p>&nbsp;<\/p>\n<p>-Gon\u00e7alves, S. V. B. ; Rosado, S.C.S. ; Rosado,L.R. .\u00a0<strong>Avalia\u00e7\u00f5es da Madeira de Cedro Australiano (<em>Toona ciliata<\/em>) por M\u00e9todos n\u00e3o destrutivos.<\/strong>\u00a02011. (Apresenta\u00e7\u00e3o de Trabalho\/Congresso).<\/p>\n<p>&nbsp;<\/p>\n<p>-Gon\u00e7alves, S. V. B. 2009.\u00a0<strong>Ferramentas para a avalia\u00e7\u00e3o das propriedades da madeira em \u00e1rvores vivas de Toona ciliata (Roemer) E aplica\u00e7\u00f5es no melhoramento gen\u00e9tico.<\/strong>\u00a0Universidade Federal de Lavras. Lavras, MG. 61 p (Disserta\u00e7\u00e3o P\u00f3s Gradua\u00e7\u00e3o em Ci\u00eancia e Tecnologia da Madeira, UFLA).\u00a0<a href=\"http:\/\/repositorio.ufla.br\/jspui\/handle\/1\/1556\">http:\/\/repositorio.ufla.br\/jspui\/handle\/1\/1556<\/a><\/p>\n<p>&nbsp;<\/p>\n<p>-Goncalves, S. V. B; Rosado, L. R; Rosado, S.C.S. 2010.\u00a0<strong>Qualidade da Madeira serrada de cedro australiano (<em>Toona ciliata<\/em>), provenientes de desbastes em planta\u00e7\u00f5es com cinco anos de idade.<\/strong>\u00a0In: XII Encontro Brasileiro em Madeira e em Estruturas de Madeira, 2010, Lavras, MG. 6p.<\/p>\n<p>&nbsp;<\/p>\n<p>-Nassur, O. A. C. 2010.\u00a0<strong>Varia\u00e7\u00f5es nas propriedades tecnol\u00f3gicas da madeira de toras de Toona ciliata M. Roem. com dezoito anos de idade.<\/strong>\u00a0Universidade federal de Lavras. Lavras, MG. 83 p. (Disserta\u00e7\u00e3o P\u00f3s Gradua\u00e7\u00e3o em Ci\u00eancia e Tecnologia da Madeira, UFLA).\u00a0<a href=\"http:\/\/repositorio.ufla.br\/handle\/1\/2455\">http:\/\/repositorio.ufla.br\/handle\/1\/2455<\/a><\/p>\n<p>&nbsp;<\/p>\n<p>-Nassur, O. A. C.; Rosado, L. R; Rosado, S. C. S; Carvalho, P.\u00a02013).\u00a0<strong>Varia\u00e7\u00f5es na qualidade de toras de\u00a0<em>Toona ciliata<\/em>\u00a0M. Roem. com dezoito anos de idade.<\/strong>\u00a0Cerne. V.19, n.1. p. 43-49.\u00a0<a href=\"http:\/\/www.scielo.br\/pdf\/cerne\/v19n1\/06.pdf\">http:\/\/www.scielo.br\/pdf\/cerne\/v19n1\/06.pdf<\/a><\/p>\n<p>&nbsp;<\/p>\n<p>-RIBEIRO, A. O.; MORI, F. A.; MENDES, L. M. 2011.\u00a0<strong>Caracter\u00edsticas das dimens\u00f5es das fibras e an\u00e1lise do \u00e2ngulo microfibrilar de\u00a0<em>toona ciliata<\/em>\u00a0cultivada em diferentes localidades.<\/strong>\u00a0Floresta, Curitiba, v. 41, n. 1, p. 47-56.\u00a0<a href=\"http:\/\/revistas.ufpr.br\/floresta\/article\/viewFile\/21179\/13972\">http:\/\/revistas.ufpr.br\/floresta\/article\/viewFile\/21179\/13972<\/a><\/p>\n<p>&nbsp;<\/p>\n<p>-S\u00e1, V. A. 2009.\u00a0<strong>Potencial da madeira de cedro australiano (<em>Toona ciliata\u00a0<\/em>m. roem\u00a0<em>Var.<\/em>\u00a0<em>australis<\/em>) na manufatura de produtos de maior valor agregado.<\/strong>\u00a0Universidade Federal de Lavras. Lavras, MG.82p. (Disserta\u00e7\u00e3o P\u00f3s Gradua\u00e7\u00e3o em Ci\u00eancia e Tecnologia da Madeira, UFLA).\u00a0<a href=\"http:\/\/repositorio.ufla.br\/handle\/1\/2995\">http:\/\/repositorio.ufla.br\/handle\/1\/2995<\/a><\/p>\n<p>&nbsp;<\/p>\n<p class=\"Default\">-S\u00e1, V. A; Bufalino, L; Albino, V. C. S; Corr\u00eaa, A. A; Mendes, L. M; Almeida, N. A. 2012.\u00a0<strong>Mistura de tr\u00eas esp\u00e9cies de reflorestamento na produ\u00e7\u00e3o de pain\u00e9is cimento-madeira.<\/strong>\u00a0Revista \u00c1rvore. Vol.36, n.3, p.549-557.\u00a0<a href=\"http:\/\/www.scielo.br\/pdf\/rarv\/v36n3\/v36n3a17.pdf\">http:\/\/www.scielo.br\/pdf\/rarv\/v36n3\/v36n3a17.pdf<\/a><\/p>\n<p class=\"Default\">-S\u00e1, V. V; Mendes, L. M; Couto, A. M; lima, N. N.2010.\u00a0<strong>Manufatura de pain\u00e9is cimento-madeira de cedro australiano (<em>Toona ciliata\u00a0<\/em>M. Roem var.\u00a0<em>australis<\/em>) de diferentes proced\u00eancias e idade.\u00a0<\/strong>\u00a0Scientia Forestalis. v. 38, n. 88, p. 559-566.\u00a0<a href=\"http:\/\/www.ipef.br\/publicacoes\/scientia\/nr88\/cap02.pdf\">http:\/\/www.ipef.br\/publicacoes\/scientia\/nr88\/cap02.pdf<\/a><\/p>\n<p>-Silva, J. R. M; Alves, J. A; Nogueira, M. O. G; Braga, P. P. C. 2010.\u00a0<strong>Qualifica\u00e7\u00e3o da Superf\u00edcie acabada em madeiras de Eucalyptus grandis W. Hill ex Maiden, Toona ciliata M. Roemer e Coffea arabica<\/strong>\u00a0<strong>L.<\/strong>\u00a0Cerne. v.16, Suplemento, p. 15-22.\u00a0<a href=\"http:\/\/www.dcf.ufla.br\/ebramem\/Artigo%2003.pdf\">http:\/\/www.dcf.ufla.br\/ebramem\/Artigo%2003.pdf<\/a><\/p>\n<p>&nbsp;<\/p>\n<p>-Soragi, L. C. 2009.\u00a0\u00a0<strong>Qualidade de superf\u00edcies usinadas em madeira de Toona ciliata M. Roem.<\/strong>\u00a0Universidade Federal de Lavras. Lavras, MG.61 p. (Disserta\u00e7\u00e3o P\u00f3s Gradua\u00e7\u00e3o em Ci\u00eancia e Tecnologia da Madeira, UFLA).\u00a0<a href=\"http:\/\/repositorio.ufla.br\/handle\/1\/2364\">http:\/\/repositorio.ufla.br\/handle\/1\/2364<\/a><\/p>\n<p>&nbsp;<\/p>\n<p><strong>Outras institui\u00e7\u00f5es<\/strong><\/p>\n<p>&nbsp;<\/p>\n<p>-Braz, R. L; Oliveira, J. T. S;\u00a0 Rodrigues, B. P; Arantes, M. D. C. 2013.\u00a0<strong>Propriedades f\u00edsicas e mec\u00e2nicas da madeira de\u00a0<em>Toona ciliata<\/em>\u00a0em diferentes idades.<\/strong>\u00a0Floresta. v. 43, n. 4, p. 663 \u2013 670.\u00a0<a href=\"http:\/\/revistas.ufpr.br\/floresta\/article\/view\/30559\/21720\">http:\/\/revistas.ufpr.br\/floresta\/article\/view\/30559\/21720<\/a><\/p>\n<p>&nbsp;<\/p>\n<p>-Edmonds, J.M., 1993.\u00a0<strong>The potential value of Toona species (Meliaceae) as multipurpose and plantation trees in Southeast Asia.<\/strong>\u00a0Commonwealth Forestry Review. Vol. 72, No. 3. pp. 181-186.\u00a0<a href=\"http:\/\/www.jstor.org\/stable\/42616713?seq=1#page_scan_tab_contents\">http:\/\/www.jstor.org\/stable\/42616713?seq=1#page_scan_tab_contents<\/a><\/p>\n<p>&nbsp;<\/p>\n<p>-Flores, D. S. 2014.\u00a0<strong>Avalia\u00e7\u00e3o do m\u00f3dulo de elasticidade de pe\u00e7as de madeira refor\u00e7adas com fibras de vidro.<\/strong>\u00a0Jer\u00f4nimo Monteiro, ES. 51 p. (Monografia &#8211; Departamento de Ci\u00eancias Florestais e da Madeira, Centro de Ci\u00eancias Agr\u00e1rias, UFES).\u00a0<a href=\"http:\/\/www4.florestaemadeira.ufes.br\/sites\/www.florestaemadeira.ufes.br\/files\/TCC_Doahn_Simoes_Flores.pdf\">http:\/\/www4.florestaemadeira.ufes.br\/sites\/www.florestaemadeira.ufes.br\/files\/TCC_Doahn_Simoes_Flores.pdf<\/a><\/p>\n<p>&nbsp;<\/p>\n<p>-Greenhill, W. L, Dadswell, H.E (1940).\u00a0<strong>The density of Australian timbers. 2. &#8211; Air-dry and basic density data for 172 timbers.<\/strong>\u00a0Pamphl. Coun. sci. industr. Res. Aust. No. 92 (Tech. Pap. Div. For. Prod. Aust. No. 33). pp. 75. [Division of Forest Products, C.S.I.R., Australia.].\u00a0<a href=\"http:\/\/www.cabi.org\/fc\/abstract\/19400604904\">http:\/\/www.cabi.org\/fc\/abstract\/19400604904<\/a><\/p>\n<p>&nbsp;<\/p>\n<p>-Iwakiri, S; Potulski, D. C; Sanches, F.G; Silva, J.B; Trianoski, R, Pretko, W. C. 2014.\u00a0\u00a0<strong>Avalia\u00e7\u00e3o do potencial de uso da madeira de\u00a0<em>Acrocarpus fraxinifolius<\/em>,\u00a0<em>Grevilea robusta<\/em>,\u00a0<em>Melia azedarach<\/em>\u00a0e\u00a0<em>Toona ciliata<\/em>\u00a0para produ\u00e7\u00e3o de pain\u00e9is OSB.<\/strong>\u00a0Cerne.\u00a0<em>20<\/em>(2), 277-284.\u00a0<a href=\"http:\/\/www.scielo.br\/pdf\/cerne\/v20n2\/14.pdf\">http:\/\/www.scielo.br\/pdf\/cerne\/v20n2\/14.pdf<\/a><\/p>\n<p>&nbsp;<\/p>\n<p>-Nisgoski, S.; Trianoski, R.; Muniz, G. I. B.; Matos, J. L. M.; Batista, F. R. R. 2011.<strong>\u00a0Anatomia da madeira de Toona ciliata caracter\u00edsticas das fibras para produ\u00e7\u00e3o de papel.<\/strong>\u00a0Floresta. v. 41, n. 4, p. 717-728.\u00a0<a href=\"http:\/\/revistas.ufpr.br\/floresta\/article\/view\/25337\/16975\">http:\/\/revistas.ufpr.br\/floresta\/article\/view\/25337\/16975<\/a><\/p>\n<p>&nbsp;<\/p>\n<p>-Pereyra, O; Suirezs, T. M; Pitsch, C; B\u00e1ez,R.\u00a0<strong>Estudio de las propiedades fisico-mec\u00e1nicas y comportamiento en procesos industriales de la madera de kiri, grevillea, para\u00edso y toona.<\/strong>\u00a02006. Floresta. v. 36, n. 2, p. 213-223.\u00a0<a href=\"http:\/\/revistas.ufpr.br\/floresta\/article\/view\/6457\/4647\">http:\/\/revistas.ufpr.br\/floresta\/article\/view\/6457\/4647<\/a><\/p>\n<p>&nbsp;<\/p>\n<p>-Pumijumnong, N., &amp; Buajan, S. (2013).\u00a0<strong>Seasonal cambial activity of five tropical tree species in central Thailand.<\/strong>\u00a0<em>Trees<\/em>,\u00a0<em>27<\/em>(2), 409-417.\u00a0<a href=\"http:\/\/link.springer.com\/article\/10.1007\/s00468-012-0794-4\">http:\/\/link.springer.com\/article\/10.1007\/s00468-012-0794-4<\/a><\/p>\n<p>&nbsp;<\/p>\n<p>-Queensland Government.\u00a0\u00a0<strong>Department of Agriculture and Fisheries (2013). Wood properties and uses of autralian timbers.<\/strong>\u00a0<a href=\"https:\/\/www.daf.qld.gov.au\/forestry\/using-wood-and-its-benefits\/wood-properties-of-timber-trees\/red-cedar\">https:\/\/www.daf.qld.gov.au\/forestry\/using-wood-and-its-benefits\/wood-properties-of-timber-trees\/red-cedar<\/a><\/p>\n<p>&nbsp;<\/p>\n<p>-RIBEIRO, A. O.; MENDES, L. M.; MORI, F. A.; ZIECH, R. Q. S.; MENDES, R. F. 2011.\u00a0<strong>Varia\u00e7\u00e3o da densidade b\u00e1sica da madeira de\u00a0<em>Toona ciliata<\/em>\u00a0Roem cultivada em diferentes localidades.<\/strong>\u00a0Scientia Forestalis, Piracicaba, v. 39, n. 91, p. 359-366.\u00a0<a href=\"http:\/\/www.ipef.br\/publicacoes\/scientia\/nr91\/cap08.pdf\">http:\/\/www.ipef.br\/publicacoes\/scientia\/nr91\/cap08.pdf<\/a><\/p>\n<p>&nbsp;<\/p>\n<p>-Ribeiro, A. O; Farinassi, R. M; Mendes, L. M; Mori, F. A; Quirino de Souza Ziech, R. Q. S. 2014.\u00a0<strong>Retratibilidade da madeira de\u00a0<em>Toona ciliata<\/em>\u00a0m. roem proveniente de tr\u00eas munic\u00edpios do sul de Minas Gerais.<\/strong>\u00a0Cerne. vol. 20, n\u00fam. 3, pp. 351-361.\u00a0<a href=\"http:\/\/www.scielo.br\/pdf\/cerne\/v20n3\/a03v20n3.pdf\">http:\/\/www.scielo.br\/pdf\/cerne\/v20n3\/a03v20n3.pdf<\/a><\/p>\n<p>&nbsp;<\/p>\n<p>-Silva, T. A. 2015.\u00a0<strong>Varia\u00e7\u00e3o radial e longitudinal da densidade aparente e estimativa de massa de\u00a0<em>Toona ciliata<\/em>.<\/strong>\u00a02015. 59 p. (Disserta\u00e7\u00e3o de Mestrado em Ci\u00eancia e Tecnologia da Madeira, UFLA).\u00a0<a href=\"http:\/\/repositorio.ufla.br\/handle\/1\/10776\">http:\/\/repositorio.ufla.br\/handle\/1\/10776<\/a><\/p>\n<p>&nbsp;<\/p>\n<p>-Souza, R. Q. 2008.\u00a0<strong>Caracter\u00edsticas tecnol\u00f3gicas da madeira de cedro australiano (<em>Toona ciliata<\/em>\u00a0m. roem) produzida no sul do estado de minas gerais.<\/strong>\u00a0Lavras, MG. 106p. (Disserta\u00e7\u00e3o P\u00f3s Gradua\u00e7\u00e3o Ci\u00eancia e Tecnologia da Madeira, UFLA)\u00a0<a href=\"http:\/\/repositorio.ufla.br\/jspui\/handle\/1\/2773\">http:\/\/repositorio.ufla.br\/jspui\/handle\/1\/2773<\/a><\/p>\n<p>&nbsp;<\/p>\n<p>-Trianoski R, Iwakiri S, Matos, J. L. M, 2011. Prata JG.\u00a0<strong>Avalia\u00e7\u00e3o de esp\u00e9cies alternativas de r\u00e1pido crescimento para produ\u00e7\u00e3o de pain\u00e9is de madeira\u00a0aglomerada\u00a0de\u00a0tr\u00eas camadas.<\/strong>\u00a0Scientia Forestalis. 39(89): 97-104.\u00a0<a href=\"http:\/\/www.ipef.br\/publicacoes\/scientia\/nr89\/cap10.pdf\">http:\/\/www.ipef.br\/publicacoes\/scientia\/nr89\/cap10.pdf<\/a><\/p>\n<p>&nbsp;<\/p>\n<p>-Trianoski R, Iwakiri S, MatosJLM. 2011.\u00a0<strong>Potencial use of planted fast growing species for production of particleboard.<\/strong>\u00a0Journal of Tropical Forest Science. 23(3): 311-317.\u00a0<a href=\"http:\/\/www.jstor.org\/stable\/23616976?seq=1#page_scan_tab_contents\">http:\/\/www.jstor.org\/stable\/23616976?seq=1#page_scan_tab_contents<\/a><\/p>\n<p>&nbsp;<\/p>\n<p>-Trianoski, R; , Jorge Luis Monteiro de Matos, J. L. M; , Setsuo Iwakiri, S.\u00a0 2014.\u00a0<strong>Propriedades f\u00edsicas, qu\u00edmicas e mec\u00e2nicas da madeira de cedro australiano cultivado em Corup\u00e1, SC.<\/strong>\u00a0Pesquisa. Florestal Brasileira. v. 34, n. 80, p. 435-441.\u00a0<a href=\"http:\/\/pfb.cnpf.embrapa.br\/pfb\/index.php\/pfb\/article\/view\/523\/392\">http:\/\/pfb.cnpf.embrapa.br\/pfb\/index.php\/pfb\/article\/view\/523\/392<\/a><\/p>\n<\/div>\n<\/div>\n[\/vc_column_text][\/vc_column][\/vc_row]\n<\/div>","protected":false},"excerpt":{"rendered":"<p>[vc_row][vc_column][vc_column_text] 2) MADEIRA: QUALIDADE E USOS &nbsp; Em colabora\u00e7\u00e3o com a Bela Vista Florestal &nbsp; -Albino, V. C. S; S\u00e1, V. A; Bufalino, L;\u00a0 Mendes, L. M; Almeida, N. A. 2011.\u00a0Avalia\u00e7\u00e3o das propriedades f\u00edsico-mec\u00e2nicas de pain\u00e9is compensados de Toona ciliata M. Roem. var. australis.\u00a0Cerne. \u00a0V.17, n.1. p. 103-108.\u00a0http:\/\/www.scielo.br\/pdf\/cerne\/v17n1\/v17n1a12.pdf &nbsp; -Almeida N. A.\u00a0Biodegrada\u00e7\u00e3o de produtos \u00e0&hellip;<\/p>\n","protected":false},"author":7,"featured_media":0,"parent":1284,"menu_order":0,"comment_status":"closed","ping_status":"closed","template":"templates\/right-sidebar.php","meta":{"_monsterinsights_skip_tracking":false,"_monsterinsights_sitenote_active":false,"_monsterinsights_sitenote_note":"","_monsterinsights_sitenote_category":0,"footnotes":""},"class_list":["post-1286","page","type-page","status-publish","hentry","entry","no-media"],"_links":{"self":[{"href":"https:\/\/belavistaflorestal.com.br\/en\/wp-json\/wp\/v2\/pages\/1286","targetHints":{"allow":["GET"]}}],"collection":[{"href":"https:\/\/belavistaflorestal.com.br\/en\/wp-json\/wp\/v2\/pages"}],"about":[{"href":"https:\/\/belavistaflorestal.com.br\/en\/wp-json\/wp\/v2\/types\/page"}],"author":[{"embeddable":true,"href":"https:\/\/belavistaflorestal.com.br\/en\/wp-json\/wp\/v2\/users\/7"}],"replies":[{"embeddable":true,"href":"https:\/\/belavistaflorestal.com.br\/en\/wp-json\/wp\/v2\/comments?post=1286"}],"version-history":[{"count":1,"href":"https:\/\/belavistaflorestal.com.br\/en\/wp-json\/wp\/v2\/pages\/1286\/revisions"}],"predecessor-version":[{"id":1300,"href":"https:\/\/belavistaflorestal.com.br\/en\/wp-json\/wp\/v2\/pages\/1286\/revisions\/1300"}],"up":[{"embeddable":true,"href":"https:\/\/belavistaflorestal.com.br\/en\/wp-json\/wp\/v2\/pages\/1284"}],"wp:attachment":[{"href":"https:\/\/belavistaflorestal.com.br\/en\/wp-json\/wp\/v2\/media?parent=1286"}],"curies":[{"name":"wp","href":"https:\/\/api.w.org\/{rel}","templated":true}]}}