{"id":1287,"date":"2018-01-25T13:12:37","date_gmt":"2018-01-25T16:12:37","guid":{"rendered":"https:\/\/belavistaflorestal.com.br\/apoio-ao-consultor\/melhoramento-genetico\/"},"modified":"2018-07-27T11:26:20","modified_gmt":"2018-07-27T14:26:20","slug":"melhoramento-genetico","status":"publish","type":"page","link":"https:\/\/belavistaflorestal.com.br\/en\/apoio-ao-consultor\/melhoramento-genetico\/","title":{"rendered":"MELHORAMENTO GEN\u00c9TICO"},"content":{"rendered":"<div class=\"wpb-content-wrapper\">[vc_row][vc_column][vc_column_text]\n<div class=\"h1_center\">\n<div class=\"h1_center\">\n<div class=\"h1_center\">\n<div class=\"h1_center\">\n<div class=\"h1_center\">\n<h1>6) MELHORAMENTO GEN\u00c9TICO<\/h1>\n<\/div>\n<div class=\"conteudoTexto\">\n<p>&nbsp;<\/p>\n<p><strong>Em colabora\u00e7\u00e3o com a Bela Vista Florestal<\/strong><\/p>\n<p>&nbsp;<\/p>\n<p>-Abreu Junior, A. A. 2016.\u00a0<strong>Mudan\u00e7as evolutivas nas curvas de normas de rea\u00e7\u00e3o t\u00e9rmica avaliadas pela deple\u00e7\u00e3o do amido armazenado nas c\u00e9lulas do par\u00eanquima radial.<\/strong>\u00a0Lavras, MG. (Disserta\u00e7\u00e3o P\u00f3s Gradua\u00e7\u00e3o em Ci\u00eancia e Tecnologia da Madeira, UFLA).<\/p>\n<p>&nbsp;<\/p>\n<p>-Valle, M. L. A. 2014.\u00a0<strong>Estrat\u00e9gias de sele\u00e7\u00e3o de clones de Toona ciliata M. Roemer var. australis para biomec\u00e2nica de \u00e1rvores e qualidade da madeira.<\/strong>\u00a0Lavras, MG.74p. (Tese \u2013 P\u00f3s Gradua\u00e7\u00e3o em Ci\u00eancia e Tecnologia da Madeira, UFLA).\u00a0<a href=\"http:\/\/repositorio.ufla.br\/handle\/1\/4565\">http:\/\/repositorio.ufla.br\/handle\/1\/4565<\/a><\/p>\n<p>&nbsp;<\/p>\n<p>-Gon\u00e7alves, S. V. B. 2009.\u00a0<strong>Ferramentas para a avalia\u00e7\u00e3o das propriedades da madeira em \u00e1rvores vivas de Toona ciliata (Roemer) E aplica\u00e7\u00f5es no melhoramento gen\u00e9tico.<\/strong>\u00a0Universidade Federal de Lavras. Lavras, MG. 61 p. (Disserta\u00e7\u00e3o P\u00f3s Gradua\u00e7\u00e3o em Ci\u00eancia e Tecnologia da Madeira, UFLA).\u00a0<a href=\"http:\/\/repositorio.ufla.br\/jspui\/handle\/1\/1556\">http:\/\/repositorio.ufla.br\/jspui\/handle\/1\/1556<\/a><\/p>\n<p>&nbsp;<\/p>\n<p>-Vieira, C. T. 2013.\u00a0<strong>Morfologia e viabilidade de gr\u00e3os de p\u00f3len armazenados de Toona ciliata M. Roemer (meliaceae).<\/strong>\u00a0Lavras, MG. 51 p. (Disserta\u00e7\u00e3o P\u00f3s Gradua\u00e7\u00e3o em Engenharia Florestal, UFLA).\u00a0<a href=\"http:\/\/repositorio.ufla.br\/handle\/1\/1194\">http:\/\/repositorio.ufla.br\/handle\/1\/1194<\/a><\/p>\n<p>&nbsp;<\/p>\n<p>-Santos, A. M. 2011.\u00a0<strong>Melhoramento gen\u00e9tico do cedro australiano (Toona ciliata M. Roemer var. australis).<\/strong>\u00a0Lavras, MG. 64 p. (Tese P\u00f3s Gradua\u00e7\u00e3o em Engenharia Florestal, UFLA).\u00a0<a href=\"http:\/\/repositorio.ufla.br\/handle\/1\/1538\">http:\/\/repositorio.ufla.br\/handle\/1\/1538<\/a><\/p>\n<p>&nbsp;<\/p>\n<p>-Farias, E. S. 2013.\u00a0<strong>Sele\u00e7\u00e3o em teste de origem e prog\u00eanies de\u00a0<em>Tonna ciliata<\/em>\u00a0M. Roemer. Var.\u00a0<em>australis<\/em>, para densidade da madeira em avalia\u00e7\u00f5es destrutivas e n\u00e3o destrutivas.<\/strong>\u00a0Universidade Federal de Lavras. Lavras, MG. 95 p. (Disserta\u00e7\u00e3o P\u00f3s Gradua\u00e7\u00e3o em Ci\u00eancia e Tecnologia da Madeira).\u00a0<a href=\"http:\/\/repositorio.ufla.br\/jspui\/handle\/1\/1421\">http:\/\/repositorio.ufla.br\/jspui\/handle\/1\/1421<\/a><\/p>\n<p>&nbsp;<\/p>\n<p>-Nassur, O. A. C; Filipe, A. P; Silva, J. R. M; Rosado, S.C.S; Rosado, L. R. 2010.\u00a0<strong>Varia\u00e7\u00e3o na estabilidade dimensional e densidade b\u00e1sica da madeira de toona ciliata, em planta\u00e7\u00f5es comerciais de 18 anos de idade.<\/strong>\u00a0In: XII Encontro Brasileiro em Madeira e em Estruturas de Madeira. Lavras, MG. 8p.<\/p>\n<p>&nbsp;<\/p>\n<p>-Rosado, L. R. 2015.\u00a0<strong>Par\u00e2metros gen\u00e9ticos em teste de proced\u00eancias e prog\u00eanies de\u00a0<em>Toona ciliata<\/em>\u00a0m. roemer var<em>. australis<\/em>.<\/strong>Universidade Federal de Lavras. Lavras, MG. 68 p. (Disserta\u00e7\u00e3o P\u00f3s Gradua\u00e7\u00e3o em Engenharia Florestal, UFLA).\u00a0<a href=\"http:\/\/repositorio.ufla.br\/handle\/1\/10707\">http:\/\/repositorio.ufla.br\/handle\/1\/10707<\/a><\/p>\n<p>&nbsp;<\/p>\n<p>-Santos, A. M. ; Rosado, S.C.S. ; Rosado, L. R. ; Stehling, E. C. 1013.\u00a0<strong>Estima\u00e7\u00e3o de Par\u00e2metros Gen\u00e9ticos em Teste de Proced\u00eancia e Prog\u00eanie de Cedro Australiano.<\/strong>\u00a0In: 7\u00ba Congresso Brasileiro de Melhoramento de Plantas, 2013, Uberl\u00e2ndia, MG. 5p<strong>.\u00a0<\/strong><a href=\"http:\/\/ainfo.cnptia.embrapa.br\/digital\/bitstream\/item\/88358\/1\/Alisson-CBMP-Estimacao.pdf\">http:\/\/ainfo.cnptia.embrapa.br\/digital\/bitstream\/item\/88358\/1\/Alisson-CBMP-Estimacao.pdf<\/a><\/p>\n<p>&nbsp;<\/p>\n<p>-Santos, A. M; Rosado, S. C. S; Rosado, L. R ; Stehling, E. C. 2015.\u00a0<strong>Avalia\u00e7\u00e3o de teste clonal de cedro australiano no sul de Minas.<\/strong>In: 8\u25e6 Congresso Brasileiro de Melhoramento de Plantas. Goi\u00e2nia. Go. 1 p.\u00a0<a href=\"http:\/\/ainfo.cnptia.embrapa.br\/digital\/bitstream\/item\/131831\/1\/2015-Alisson-CBMP-Avaliacao.pdf\">http:\/\/ainfo.cnptia.embrapa.br\/digital\/bitstream\/item\/131831\/1\/2015-Alisson-CBMP-Avaliacao.pdf<\/a><\/p>\n<p>&nbsp;<\/p>\n<p><strong>Outras institui\u00e7\u00f5es<\/strong><\/p>\n<p>&nbsp;<\/p>\n<p>-Bygrave, F. L; Bygrave, P. L. 2005.\u00a0<strong>Growing australian red cedar and other Meliaceae Species in plantation.<\/strong>\u00a0Canberra: RIRDC. 60 p.\u00a0<a href=\"https:\/\/rirdc.infoservices.com.au\/downloads\/04-135.pdf\">https:\/\/rirdc.infoservices.com.au\/downloads\/04-135.pdf<\/a><\/p>\n<p>&nbsp;<\/p>\n<p>-Gouvea, C. F;\u00a0 Dornelas,\u00a0 M. C; Martinelli, A. P. 2008.\u00a0<strong>Characterization of unisexual flower development in the endangered mahogany tree Swietenia macrophylla King. (Meliaceae).<\/strong>\u00a0Botanical J. Linnean Soc. 156, 529\u2013 535\u00a0<a href=\"http:\/\/onlinelibrary.wiley.com\/doi\/10.1111\/j.1095-8339.2007.00758.x\/abstract?userIsAuthenticated=false&amp;deniedAccessCustomisedMessage\">http:\/\/onlinelibrary.wiley.com\/doi\/10.1111\/j.1095-8339.2007.00758.x\/abstract?userIsAuthenticated=false&amp;deniedAccessCustomisedMessage<\/a>=<\/p>\n<p>&nbsp;<\/p>\n<p>-Ferreira, R. T. 2009.\u00a0<strong>Sele\u00e7\u00e3o de gen\u00f3tipos de cedro australiano (<em>Toona ciliata<\/em>) via metodologia REML\/BLUP e marcadores de DNA.<\/strong>\u00a0Campos Dos Goytacazes, RJ. 103 p. (Disserta\u00e7\u00e3o P\u00f3s Gradua\u00e7\u00e3o em Gen\u00e9tica e Melhoramento de Plantas, Universidade Estadual do Norte Fluminense).\u00a0<a href=\"http:\/\/www.dominiopublico.gov.br\/pesquisa\/DetalheObraForm.do?select_action=&amp;co_obra=130313\">http:\/\/www.dominiopublico.gov.br\/pesquisa\/DetalheObraForm.do?select_action=&amp;co_obra=130313<\/a><\/p>\n<p>&nbsp;<\/p>\n<p>-Ferreira, R. T; Viana, A. P;\u00a0 Amaral J\u00fanior, A. T; Resende, M. D. V.; Barroso, D. G. 2012.\u00a0<strong>Toona ciliata genotype selection with the use of individual BLUP with repeated measures.<\/strong>\u00a0Scientia Agr\u00edcola. v. 69, p. 210-216.\u00a0<a href=\"http:\/\/www.scielo.br\/pdf\/sa\/v69n3\/06.pdf\">http:\/\/www.scielo.br\/pdf\/sa\/v69n3\/06.pdf<\/a><\/p>\n<p>&nbsp;<\/p>\n<p>-Ferreira, R. T; Viana, A. P; Amaral j\u00fanior, A. T; Barroso, D . G; Resende, M. D. V. 2009.\u00a0<strong>Sele\u00e7\u00e3o de gen\u00f3tipos de cedro australiano (<em>Toona ciliata<\/em>) via metodologia REML\/BLUP.<\/strong>\u00a0V Congresso Brasileiro de melhoramento Gen\u00e9tico de Plantas. Guarapar\u00ed, ES. 4p.\u00a0<a href=\"http:\/\/ainfo.cnptia.embrapa.br\/digital\/bitstream\/item\/132540\/1\/2009-Resende-SelecaodeGenotipos.pdf\">http:\/\/ainfo.cnptia.embrapa.br\/digital\/bitstream\/item\/132540\/1\/2009-Resende-SelecaodeGenotipos.pdf<\/a><\/p>\n<p>&nbsp;<\/p>\n<p>-Gouv\u00eaa C. F., Dornelas M. C., Rodriguez A. P. M. (2008).\u00a0<strong>Floral development in the tribe Cedreleae (Meliaceae Sub-family Swietenioideae):\u00a0<em>Cedrela<\/em>\u00a0and\u00a0<em>Toona<\/em>.<\/strong>\u00a0Ann. Bot. 101, 39\u201348.\u00a0<a href=\"http:\/\/aob.oxfordjournals.org\/content\/101\/1\/39.full\">http:\/\/aob.oxfordjournals.org\/content\/101\/1\/39.full<\/a><\/p>\n<p>&nbsp;<\/p>\n<p>-Gouv\u00eaa, C.F; Dornelas, M.C; Martinelli, A.P. 2008.\u00a0<strong>Characterization of unisexual flower development in the endangered mahogany tree Swietenia macrophylla King. (Meliaceae).<\/strong>\u00a0Botanical Journal of the Linnean Society. 156, 529\u2013535.\u00a0<a href=\"http:\/\/onlinelibrary.wiley.com\/doi\/10.1111\/j.1095-8339.2007.00758.x\/abstract?userIsAuthenticated=false&amp;deniedAccessCustomisedMessage\">http:\/\/onlinelibrary.wiley.com\/doi\/10.1111\/j.1095-8339.2007.00758.x\/abstract?userIsAuthenticated=false&amp;deniedAccessCustomisedMessage<\/a>=<\/p>\n<p>&nbsp;<\/p>\n<p>-Li, P; Zhan, X; Que, Q.M; Qu, W.T; Liu, M.Q; Ouyang, K.X; Li, J.C; Deng, X.M; Zhang, J.J; Liao, B.Y; et al.2015.\u00a0<strong>Genetic diversity and population structure of\u00a0<em>Toona Ciliata<\/em>\u00a0Roem. based on sequence-related amplified polymorphism (SRAP) markers.<\/strong>\u00a0Forests. 6, 1094\u20131106.\u00a0<a href=\"http:\/\/www.mdpi.com\/1999-4907\/6\/4\/1094\">http:\/\/www.mdpi.com\/1999-4907\/6\/4\/1094<\/a><\/p>\n<p>&nbsp;<\/p>\n<p>-Liu, J; Jiang, J.M; Chen, Y.T. 2014.\u00a0<strong>Genetic diversity of central and peripheral populations of\u00a0<em>Toona ciliata<\/em>\u00a0var.\u00a0<em>pubescens<\/em>, an endangered tree species endemic to China.<\/strong>\u00a0Genetics and molecular research. 13, 4579\u20134590.\u00a0<a href=\"http:\/\/www.funpecrp.com.br\/gmr\/year2014\/vol13-2\/pdf\/gmr3546.pdf\">http:\/\/www.funpecrp.com.br\/gmr\/year2014\/vol13-2\/pdf\/gmr3546.pdf<\/a><\/p>\n<p>&nbsp;<\/p>\n<p>-Styles, B. T; Vosa, C. G. 1971.\u00a0<strong>Chromosome numbers in the Meliaceae.<\/strong>\u00a0Taxon 20: 485-499.\u00a0<a href=\"http:\/\/www.jstor.org\/stable\/1218250?seq=1#page_scan_tab_contents\">http:\/\/www.jstor.org\/stable\/1218250?seq=1#page_scan_tab_contents<\/a><\/p>\n<p>&nbsp;<\/p>\n<p>-Tavares, R; Viana, A. P; Barroso, D. G; Amaral J\u00fanior, A. 2012.\u00a0<strong>Genetic diversity in Australian Cedar genotypes selected by mixed models.<\/strong>\u00a0<em>Ci\u00eancia e Agrotecnologia<\/em>,\u00a0<em>36<\/em>(2), 171-179.\u00a0<a href=\"http:\/\/www.scielo.br\/pdf\/cagro\/v36n2\/05.pdf\">http:\/\/www.scielo.br\/pdf\/cagro\/v36n2\/05.pdf<\/a><\/p>\n<\/div>\n<\/div>\n<div class=\"conteudoTexto\"><\/div>\n<\/div>\n<\/div>\n<\/div>\n[\/vc_column_text][\/vc_column][\/vc_row]\n<\/div>","protected":false},"excerpt":{"rendered":"<p>[vc_row][vc_column][vc_column_text] 6) MELHORAMENTO GEN\u00c9TICO &nbsp; Em colabora\u00e7\u00e3o com a Bela Vista Florestal &nbsp; -Abreu Junior, A. A. 2016.\u00a0Mudan\u00e7as evolutivas nas curvas de normas de rea\u00e7\u00e3o t\u00e9rmica avaliadas pela deple\u00e7\u00e3o do amido armazenado nas c\u00e9lulas do par\u00eanquima radial.\u00a0Lavras, MG. (Disserta\u00e7\u00e3o P\u00f3s Gradua\u00e7\u00e3o em Ci\u00eancia e Tecnologia da Madeira, UFLA). &nbsp; -Valle, M. L. A. 2014.\u00a0Estrat\u00e9gias de&hellip;<\/p>\n","protected":false},"author":7,"featured_media":0,"parent":1284,"menu_order":0,"comment_status":"closed","ping_status":"closed","template":"templates\/right-sidebar.php","meta":{"_monsterinsights_skip_tracking":false,"_monsterinsights_sitenote_active":false,"_monsterinsights_sitenote_note":"","_monsterinsights_sitenote_category":0,"footnotes":""},"class_list":["post-1287","page","type-page","status-publish","hentry","entry","no-media"],"_links":{"self":[{"href":"https:\/\/belavistaflorestal.com.br\/en\/wp-json\/wp\/v2\/pages\/1287","targetHints":{"allow":["GET"]}}],"collection":[{"href":"https:\/\/belavistaflorestal.com.br\/en\/wp-json\/wp\/v2\/pages"}],"about":[{"href":"https:\/\/belavistaflorestal.com.br\/en\/wp-json\/wp\/v2\/types\/page"}],"author":[{"embeddable":true,"href":"https:\/\/belavistaflorestal.com.br\/en\/wp-json\/wp\/v2\/users\/7"}],"replies":[{"embeddable":true,"href":"https:\/\/belavistaflorestal.com.br\/en\/wp-json\/wp\/v2\/comments?post=1287"}],"version-history":[{"count":1,"href":"https:\/\/belavistaflorestal.com.br\/en\/wp-json\/wp\/v2\/pages\/1287\/revisions"}],"predecessor-version":[{"id":1301,"href":"https:\/\/belavistaflorestal.com.br\/en\/wp-json\/wp\/v2\/pages\/1287\/revisions\/1301"}],"up":[{"embeddable":true,"href":"https:\/\/belavistaflorestal.com.br\/en\/wp-json\/wp\/v2\/pages\/1284"}],"wp:attachment":[{"href":"https:\/\/belavistaflorestal.com.br\/en\/wp-json\/wp\/v2\/media?parent=1287"}],"curies":[{"name":"wp","href":"https:\/\/api.w.org\/{rel}","templated":true}]}}