{"id":1288,"date":"2018-01-25T13:05:46","date_gmt":"2018-01-25T16:05:46","guid":{"rendered":"https:\/\/belavistaflorestal.com.br\/apoio-ao-consultor\/nutricao\/"},"modified":"2018-07-27T11:26:29","modified_gmt":"2018-07-27T14:26:29","slug":"nutricao","status":"publish","type":"page","link":"https:\/\/belavistaflorestal.com.br\/en\/apoio-ao-consultor\/nutricao\/","title":{"rendered":"NUTRI\u00c7\u00c3O"},"content":{"rendered":"<div class=\"wpb-content-wrapper\">[vc_row][vc_column][vc_column_text]\n<div class=\"h1_center\">\n<div class=\"h1_center\">\n<div class=\"h1_center\">\n<h1>3) NUTRI\u00c7\u00c3O<\/h1>\n<\/div>\n<div class=\"conteudoTexto\">\n<p>&nbsp;<\/p>\n<p><strong>Em colabora\u00e7\u00e3o com a Bela Vista Florestal<\/strong><\/p>\n<p>&nbsp;<\/p>\n<p>-Batista, R. O. 2014.\u00a0<strong>Cin\u00e9tica de absor\u00e7\u00e3o de nutrientes, morfologia e efici\u00eancia nutricional de clones de cedro australiano.<\/strong>Lavras, MG. 104p. (Tese \u2013 P\u00f3s Gradua\u00e7\u00e3o em Ci\u00eancias do Solo, UFLA).\u00a0<a href=\"http:\/\/repositorio.ufla.br\/handle\/1\/4441\">http:\/\/repositorio.ufla.br\/handle\/1\/4441<\/a><\/p>\n<p>&nbsp;<\/p>\n<p>-Batista, R. O; 2*, Furtini Neto, A. E; Deccetti, S. F. C. D; Viana, C. S. 2016.\u00a0\u00a0<strong>Root morphology and nutrient uptake kinetics by australian cedar clones.<\/strong>\u00a0Rev. Caatinga. v.29, n. 1, p. 153 \u2013 162.\u00a0<a href=\"http:\/\/www.scielo.br\/pdf\/rcaat\/v29n1\/1983-2125-rcaat-29-01-00153.pdf\">http:\/\/www.scielo.br\/pdf\/rcaat\/v29n1\/1983-2125-rcaat-29-01-00153.pdf<\/a><\/p>\n<p>&nbsp;<\/p>\n<p>-Benatti, B. P;\u00a0 Furtini Neto, A. E; Moretti, B. S; Stehling, E. C; Sousa, T. M. A. 2012.\u00a0<strong>Development of clonal matrices of australian red cedar in different substrates under fertilizer doses.<\/strong>\u00a0Ci\u00eancia e Agrotecnologia. v. 36, n. 3, p. 285-293.\u00a0<a href=\"http:\/\/www.scielo.br\/pdf\/cagro\/v36n3\/03.pdf\">http:\/\/www.scielo.br\/pdf\/cagro\/v36n3\/03.pdf<\/a><\/p>\n<p>&nbsp;<\/p>\n<p>-Furtini Neto, A. E. 2012.\u00a0<strong>Manual de identifica\u00e7\u00e3o de defici\u00eancia nutricional na cultura do cedro australiano.<\/strong>\u00a0Universidade Federal de Lavras. Lavras, MG. 18p.\u00a0<a href=\"https:\/\/www.google.com.br\/?gws_rd=ssl#q=d-nb.info%2F107214672X%2F34\">https:\/\/www.google.com.br\/?gws_rd=ssl#q=d-nb.info%2F107214672X%2F34<\/a><\/p>\n<p>&nbsp;<\/p>\n<p>-Moretti, B. S; Furtini Neto, A. E; , Pinto, S. I. C; , Isabela Volpi Furtini, I. V; Magalh\u00e3es, C. A. S. 2011.\u00a0<strong>Crescimento e nutri\u00e7\u00e3o mineral de mudas de cedro australiano (<em>Toona ciliata<\/em>) sob omiss\u00e3o de nutrientes.<\/strong>\u00a0Cerne, v. 17, n. 4, p. 453-463.\u00a0<a href=\"http:\/\/www.scielo.br\/pdf\/cerne\/v17n4\/v17n4a03.pdf\">http:\/\/www.scielo.br\/pdf\/cerne\/v17n4\/v17n4a03.pdf<\/a><\/p>\n<p>&nbsp;<\/p>\n<p>-Moretti, B. S; Furtini Neto, A. E; Benatti, B. P; Deccetti, S; Lacerda, J. J; Stehling, E. C. 2015.\u00a0<strong>Nitrogen, potassium and phosphorous fertilizer suggestions for australian red cedar in oxisol.<\/strong>\u00a0Floresta. v. 45, n. 3, p. 599 \u2013 608.\u00a0<a href=\"http:\/\/revistas.ufpr.br\/floresta\/article\/view\/36554\/26333\">http:\/\/revistas.ufpr.br\/floresta\/article\/view\/36554\/26333<\/a><\/p>\n<p>&nbsp;<\/p>\n<p>-Silva, B. V. N; Inoc\u00eancio, M. F; Carmo, D. L; DIAS, J. S. D; Furtini Neto, A. E; Carvalho, J. G. 2010.\u00a0<strong>Nutri\u00e7\u00e3o mineral de cedro-australiano em fun\u00e7\u00e3o da aplica\u00e7\u00e3o de boro e zinco.<\/strong>\u00a0In:\u00a0 XIX Congresso de P\u00f3s-Gradua\u00e7\u00e3o da UFLA. Lavras, MG. 6p.\u00a0<a href=\"http:\/\/www.sbpcnet.org.br\/livro\/lavras\/resumos\/383.pdf\">http:\/\/www.sbpcnet.org.br\/livro\/lavras\/resumos\/383.pdf<\/a><\/p>\n<p>&nbsp;<\/p>\n<p>-Braga, M. M. 2011.\u00a0<strong>Crescimento e qualidade de mudas de cedro australiano (Toona ciliata M. Roem var. australis) em fun\u00e7\u00e3o da aplica\u00e7\u00e3o de calc\u00e1rio e enxofre.<\/strong>\u00a081p. (Disserta\u00e7\u00e3o P\u00f3s Gradua\u00e7\u00e3o em Ci\u00eancia do solo, UFLA)\u00a0<a href=\"http:\/\/repositorio.ufla.br\/handle\/1\/3705\">http:\/\/repositorio.ufla.br\/handle\/1\/3705<\/a><\/p>\n<p>&nbsp;<\/p>\n<p>-Braga, M. M;\u00a0 Furtini Neto, A. E; Oliveira, A. H. 2015.\u00a0<strong>Influ\u00eancia da satura\u00e7\u00e3o por bases na qualidade e crescimento de mudas de cedro-australiano (<em>Toona ciliata<\/em>\u00a0M. Roem var<em>. australis<\/em>).<\/strong>\u00a0Ci\u00eancia Florestal. v. 25, n. 1, p. 49-58.\u00a0<a href=\"http:\/\/periodicos.ufsm.br\/cienciaflorestal\/article\/view\/17462\/pdf\">http:\/\/periodicos.ufsm.br\/cienciaflorestal\/article\/view\/17462\/pdf<\/a><\/p>\n<p>&nbsp;<\/p>\n<p><strong>Outras institui\u00e7\u00f5es<\/strong><\/p>\n<p>&nbsp;<\/p>\n<p>-Carmo, D. L; Silva, B. V. N; Dias, J. S; Carvalho, J. G; e Paulo Jorge de Pinho, P. J. 2010.\u00a0<strong>Crescimento de cedro-australiano sob doses de boro e zinco em solu\u00e7\u00e3o nutritiva.<\/strong>\u00a0Enciclop\u00e9dia Biosfera, Centro Cient\u00edfico Conhecer &#8211; Goi\u00e2nia, vol.6, N.11. p 1-13.\u00a0<a href=\"http:\/\/www.conhecer.org.br\/enciclop\/2010c\/crescimento%20de%20cedro.pdf\">http:\/\/www.conhecer.org.br\/enciclop\/2010c\/crescimento%20de%20cedro.pdf<\/a><\/p>\n<p>&nbsp;<\/p>\n<p>-Cruz, G. M ; Pinto, S.I.C; Souza, T. L.; Fonseca, M. V. 2011.\u00a0<strong>Efeitos da calagem e gessagem sobre o desenvolvimento do cedro australiano (<em>Toona ciliata<\/em>\u00a0var.\u00a0<em>australis<\/em>).<\/strong>\u00a0In: IV Semana de Ci\u00eancia e Tecnologia IFMG Campus Bambu\u00ed. Bambu\u00ed, MG. 5p.\u00a0<a href=\"http:\/\/www.cefetbambui.edu.br\/portal\/files\/jc4_ifmg_bambui_22.pdf\">http:\/\/www.cefetbambui.edu.br\/portal\/files\/jc4_ifmg_bambui_22.pdf<\/a><\/p>\n<p>&nbsp;<\/p>\n<p>-Foga\u00e7a, N. C. 2010.\u00a0<strong>Nutrientes e fungos micorr\u00edzicos arbusculares como fatores limitantes ao crescimento de\u00a0<em>Toona ciliata<\/em>\u00a0M. Roem. var.\u00a0<em>australis<\/em>.<\/strong>\u00a0Sorop\u00e9dica, RJ. 79 p. (Tese de P\u00f3s Gradua\u00e7\u00e3o em Ci\u00eancias Ambientais e Florestais, UFRRJ).\u00a0<a href=\"http:\/\/www.bibliotecaflorestal.ufv.br\/handle\/123456789\/6779\">http:\/\/www.bibliotecaflorestal.ufv.br\/handle\/123456789\/6779<\/a><\/p>\n<p>&nbsp;<\/p>\n<p>-Lima, K. B;\u00a0 Riter Netto, A. F; Martins, M. A; Freitas, M. S. M. 2015.\u00a0<strong>Crescimento, ac\u00famulo de nutrientes e fen\u00f3is totais de mudas de cedro australiano (<em>Toona ciliata<\/em>) inoculadas com fungos micorr\u00edzicos.<\/strong>\u00a0Ci\u00eancia Florestal. v. 25, n. 4, p. 853-862.\u00a0<a href=\"http:\/\/www.scielo.br\/pdf\/cflo\/v25n4\/0103-9954-cflo-25-04-00853.pdf\">http:\/\/www.scielo.br\/pdf\/cflo\/v25n4\/0103-9954-cflo-25-04-00853.pdf<\/a><\/p>\n<p>&nbsp;<\/p>\n<p>-Ros, C. O; Prediger, D. M. S. A; Kauana Engel, K; Perrando, E. R; Somavilla, L. 2014.\u00a0<strong>Potencial de Crescimento de Eucalyptus grandis e Toona ciliata em Condi\u00e7\u00f5es de Campo com Aduba\u00e7\u00f5es Nitrogenadas e Fosfatadas.<\/strong>\u00a0In: X Reuni\u00e3o Sul-Brasileira de Ci\u00eancia do Solo: Fatos e Mitos em Ci\u00eancia do Solo. Pelotas, RS.\u00a0 3p.\u00a0<a href=\"http:\/\/www.sbcs-nrs.org.br\/xrsbcs\/docs\/trab-4-6476-47.pdf\">http:\/\/www.sbcs-nrs.org.br\/xrsbcs\/docs\/trab-4-6476-47.pdf<\/a><\/p>\n<\/div>\n<\/div>\n<div class=\"conteudoTexto\"><\/div>\n<\/div>\n[\/vc_column_text][\/vc_column][\/vc_row]\n<\/div>","protected":false},"excerpt":{"rendered":"<p>[vc_row][vc_column][vc_column_text] 3) NUTRI\u00c7\u00c3O &nbsp; Em colabora\u00e7\u00e3o com a Bela Vista Florestal &nbsp; -Batista, R. O. 2014.\u00a0Cin\u00e9tica de absor\u00e7\u00e3o de nutrientes, morfologia e efici\u00eancia nutricional de clones de cedro australiano.Lavras, MG. 104p. (Tese \u2013 P\u00f3s Gradua\u00e7\u00e3o em Ci\u00eancias do Solo, UFLA).\u00a0http:\/\/repositorio.ufla.br\/handle\/1\/4441 &nbsp; -Batista, R. O; 2*, Furtini Neto, A. E; Deccetti, S. F. C. D; Viana,&hellip;<\/p>\n","protected":false},"author":7,"featured_media":0,"parent":1284,"menu_order":0,"comment_status":"closed","ping_status":"closed","template":"templates\/right-sidebar.php","meta":{"_monsterinsights_skip_tracking":false,"_monsterinsights_sitenote_active":false,"_monsterinsights_sitenote_note":"","_monsterinsights_sitenote_category":0,"footnotes":""},"class_list":["post-1288","page","type-page","status-publish","hentry","entry","no-media"],"_links":{"self":[{"href":"https:\/\/belavistaflorestal.com.br\/en\/wp-json\/wp\/v2\/pages\/1288","targetHints":{"allow":["GET"]}}],"collection":[{"href":"https:\/\/belavistaflorestal.com.br\/en\/wp-json\/wp\/v2\/pages"}],"about":[{"href":"https:\/\/belavistaflorestal.com.br\/en\/wp-json\/wp\/v2\/types\/page"}],"author":[{"embeddable":true,"href":"https:\/\/belavistaflorestal.com.br\/en\/wp-json\/wp\/v2\/users\/7"}],"replies":[{"embeddable":true,"href":"https:\/\/belavistaflorestal.com.br\/en\/wp-json\/wp\/v2\/comments?post=1288"}],"version-history":[{"count":1,"href":"https:\/\/belavistaflorestal.com.br\/en\/wp-json\/wp\/v2\/pages\/1288\/revisions"}],"predecessor-version":[{"id":1302,"href":"https:\/\/belavistaflorestal.com.br\/en\/wp-json\/wp\/v2\/pages\/1288\/revisions\/1302"}],"up":[{"embeddable":true,"href":"https:\/\/belavistaflorestal.com.br\/en\/wp-json\/wp\/v2\/pages\/1284"}],"wp:attachment":[{"href":"https:\/\/belavistaflorestal.com.br\/en\/wp-json\/wp\/v2\/media?parent=1288"}],"curies":[{"name":"wp","href":"https:\/\/api.w.org\/{rel}","templated":true}]}}