{"id":1289,"date":"2018-01-25T13:13:27","date_gmt":"2018-01-25T16:13:27","guid":{"rendered":"https:\/\/belavistaflorestal.com.br\/apoio-ao-consultor\/praticas-silviculturais-e-manejo\/"},"modified":"2018-07-27T11:26:52","modified_gmt":"2018-07-27T14:26:52","slug":"praticas-silviculturais-e-manejo","status":"publish","type":"page","link":"https:\/\/belavistaflorestal.com.br\/en\/apoio-ao-consultor\/praticas-silviculturais-e-manejo\/","title":{"rendered":"PR\u00c1TICAS SILVICULTURAIS E MANEJO"},"content":{"rendered":"<div class=\"wpb-content-wrapper\">[vc_row][vc_column][vc_column_text]\n<div class=\"h1_center\">\n<div class=\"h1_center\">\n<div class=\"h1_center\">\n<div class=\"h1_center\">\n<div class=\"h1_center\">\n<div class=\"h1_center\">\n<h1>7) PR\u00c1TICAS SILVICULTURAIS E MANEJO<\/h1>\n<\/div>\n<div class=\"conteudoTexto\">\n<p>&nbsp;<\/p>\n<p><strong>Em colabora\u00e7\u00e3o com a Bela Vista Florestal<\/strong><\/p>\n<p>&nbsp;<\/p>\n<p>-Alves, J. A. 2013.\u00a0<strong>Modelos biom\u00e9tricos florestais para Toona ciliata M. Roem. (Cedro australiano).<\/strong>\u00a0Lavras, MG. 136 p. (Disserta\u00e7\u00e3o P\u00f3s gradua\u00e7\u00e3o em Engenharia Florestal, UFLA).\u00a0<a href=\"http:\/\/repositorio.ufla.br\/handle\/1\/1153\">http:\/\/repositorio.ufla.br\/handle\/1\/1153<\/a><\/p>\n<p>&nbsp;<\/p>\n<p>-Oliveira, J. R; Duarte, N. F; FASSIO, P. O. 2008.\u00a0<strong>Avalia\u00e7\u00e3o de fitotoxicidade de herbicidas ao cedro australiano.<\/strong>\u00a0In: I Jornada Cient\u00edfica e VI FIPA do CEFET Bambu\u00ed. Bambu\u00ed,MG. 5p.\u00a0<a href=\"http:\/\/www.cefetbambui.edu.br\/str\/artigos_aprovados\/Ci%C3%AAncias%20Agrarias\/40-PT-10.pdf\">http:\/\/www.cefetbambui.edu.br\/str\/artigos_aprovados\/Ci%C3%AAncias%20Agrarias\/40-PT-10.pdf<\/a><\/p>\n<p>&nbsp;<\/p>\n<p>-Santos, L. P. 2012.\u00a0<strong>Estoques de carbono org\u00e2nico do solo sob efeito da topografia e do plantio de Cedro Australiano em Sucess\u00e3o ao Cafeeiro.<\/strong>\u00a0Lavras, MG. 117 p. (Disserta\u00e7\u00e3o P\u00f3s Gradua\u00e7\u00e3o em Ci\u00eancia do solo, UFLA).\u00a0<a href=\"http:\/\/repositorio.ufla.br\/bitstream\/1\/474\/1\/DISSERTACAO_Carbono%20org%C3%A2nico%20do%20solo%20%20efeito%20da%20posi%C3%A7%C3%A3o%20na%20paisagem%20e%20reflorestamento%20%20e.pdf\">http:\/\/repositorio.ufla.br\/bitstream\/1\/474\/1\/DISSERTACAO_Carbono%20org%C3%A2nico%20do%20solo%20%20efeito%20da%20posi%C3%A7%C3%A3o%20na%20paisagem%20e%20reflorestamento%20%20e.pdf<\/a><\/p>\n<p>&nbsp;<\/p>\n<p>-Silva, U. T. G; Pinto, S. I. C; Duarte, N. F; Oliveira, J. R; Souza, F. V. P. 2010.\u00a0<strong>Efeito alelop\u00e1tico do extrato aquoso de folhas de Cedro Australiano para a cultura da soja.<\/strong>\u00a0In: III Semana de Ci\u00eancia e Tecnologia IFMG &#8211; campus Bambu\u00ed. Bambu\u00ed, MG. 6p.\u00a0<a href=\"http:\/\/www.cefetbambui.edu.br\/portal\/files\/Efeitos%20alelop%C3%A1ticos%20do%20extrato%20aquoso%20de%20folhas%20de%20Cedro%20Au.pdf\">http:\/\/www.cefetbambui.edu.br\/portal\/files\/Efeitos%20alelop%C3%A1ticos%20do%20extrato%20aquoso%20de%20folhas%20de%20Cedro%20Au.pdf<\/a><\/p>\n<p>&nbsp;<\/p>\n<p>-Rodrigues, L. 2016.\u00a0<strong>Effects of Paclobutrazol on leaf anatomy and gas exchange of\u00a0<em>Toona ciliata<\/em>\u00a0clones.<\/strong>\u00a0Australian Forestry<\/p>\n<p><strong>\u00a0<\/strong><\/p>\n<p>-Rodrigues, L. C. A; Maluleque, I. F; ROSADO, S. C. S;\u00a0PEREIRA, F. J;\u00a0CASTRO, E. M.\u00a0<strong>Taxa fotossint\u00e9tica de quatro clones de\u00a0<em>Toona ciliata<\/em>\u00a0expostos ao paclobutrazol.<\/strong>\u00a0In: XXII Congresso de P\u00f3s-Gradua\u00e7\u00e3o da UFLA, 2013, Lavras, MG.\u00a0<a href=\"http:\/\/www.apg.ufla.br\/novosite\/resumos\/resumo_2013\/anais\/resumo_4_327_1.pdf\">http:\/\/www.apg.ufla.br\/novosite\/resumos\/resumo_2013\/anais\/resumo_4_327_1.pdf<\/a><\/p>\n<p>&nbsp;<\/p>\n<p>-Vilela, E. S; Stehling, E. C. 2016.\u00a0<strong>Recomenda\u00e7\u00f5es de plantio para cedro australiano: mudas clonais.<\/strong>\u00a0Campo Belo, MG. 20 p.<\/p>\n<p>&nbsp;<\/p>\n<p><strong>Outras institui\u00e7\u00f5es<\/strong><\/p>\n<p>&nbsp;<\/p>\n<p>-Abrah\u00e3o, L. L. F. 2012.\u00a0<strong>Avalia\u00e7\u00e3o de um povoamento implantado com a finalidade de restaura\u00e7\u00e3o florestal no munic\u00edpio de Jaguar\u00e9, ES.<\/strong>\u00a0Sorop\u00e9dica, RJ. 59 p. (Monografia &#8211; Curso de Engenharia Florestal, UFRRJ).\u00a0<a href=\"http:\/\/www.if.ufrrj.br\/inst\/monografia\/2012I\/leandro.pdf\">http:\/\/www.if.ufrrj.br\/inst\/monografia\/2012I\/leandro.pdf<\/a><\/p>\n<p>&nbsp;<\/p>\n<p>-Ares, A; Fownes, J.H., 2000.\u00a0<strong>Productivity, nutrient and water-use efficiency of Eucalyptus saligna and Toona ciliata in Hawaii.<\/strong>Forest Ecology and Management. 139, 227\u2013236.\u00a0<a href=\"ftp:\/\/ftp.aphis.usda.gov\/foia\/FOLDER_10\/AR00037103%20Ares%20and%20Fownes%202000.pdf\">ftp:\/\/ftp.aphis.usda.gov\/foia\/FOLDER_10\/AR00037103%20Ares%20and%20Fownes%202000.pdf<\/a><\/p>\n<p>&nbsp;<\/p>\n<p>-Brighenti, A. M; Muller, M. D. 2014.\u00a0<strong>Toler\u00e2ncia de plantas de\u00a0<em>Khaya ivorensis<\/em>\u00a0e\u00a0<em>Toona ciliata<\/em>\u00a0a herbicidas.<\/strong>\u00a0Floresta. v. 44, n. 4, p. 747 \u2013 754.\u00a0<a href=\"http:\/\/revistas.ufpr.br\/floresta\/article\/viewFile\/32176\/24059\">http:\/\/revistas.ufpr.br\/floresta\/article\/viewFile\/32176\/24059<\/a><\/p>\n<p>&nbsp;<\/p>\n<p>-Di Marco, E. s\/d.\u00a0<strong>Toona ciliata M. Roem. (Familia Meliaceae)<\/strong>.\u00a0<a href=\"http:\/\/www.minagri.gob.ar\/new\/0-0\/forestacion\/_archivos\/_silvicultura\/05.pdf\">http:\/\/www.minagri.gob.ar\/new\/0-0\/forestacion\/_archivos\/_silvicultura\/05.pdf<\/a>\u00a0(acessado em 01\/07\/2016).<\/p>\n<p>&nbsp;<\/p>\n<p>-Domenico, R. P;\u00a0 Freitas, B. P.\u00a02016.\u00a0<strong>Proposta para aumentar a rentabilidade das lavouras de caf\u00e9 utilizando o consorciamento com Cedro Australiano.\u00a0<\/strong><a href=\"http:\/\/www.cafepoint.com.br\/radares-tecnicos\/gerenciamento\/proposta-para-aumentar-a-rentabilidade-das-lavouras-de-cafe-utilizando-o-consorciamento-com-cedro-australiano-64773n.aspx\">http:\/\/www.cafepoint.com.br\/radares-tecnicos\/gerenciamento\/proposta-para-aumentar-a-rentabilidade-das-lavouras-de-cafe-utilizando-o-consorciamento-com-cedro-australiano-64773n.aspx<\/a>\u00a0(acessado em 02\/07\/2016)<\/p>\n<p>&nbsp;<\/p>\n<p>-Dordel, J; Simard, S. W; Bauhus, J; Seely, B; Pozas, L. J; Prescott, C; Hampel, H. 2010.<strong>\u00a0Trade-offs among establishment success, stem morphology and productivity of underplanted Toona ciliata: effects of nurse-species and thinning density.<\/strong>\u00a0Forest Ecology and Management. V.259, n. 9, p. 1846-1855.\u00a0<a href=\"http:\/\/www.sciencedirect.com\/science\/article\/pii\/S0378112709003880\">http:\/\/www.sciencedirect.com\/science\/article\/pii\/S0378112709003880<\/a><\/p>\n<p>&nbsp;<\/p>\n<p>-Faria, J. C. T.2012.\u00a0<strong>Crescimento inicial de esp\u00e9cies florestais em plantios mistos em Alegre-ES.<\/strong>\u00a0Alegre, ES. 39 p. (Monografia apresentada ao Departamento de Ci\u00eancias Florestais e da Madeira da UFES).\u00a0<a href=\"http:\/\/www.florestaemadeira.ufes.br\/sites\/florestaemadeira.ufes.br\/files\/field\/anexo\/tcc_julio_cezar_tannure_faria.pdf\">http:\/\/www.florestaemadeira.ufes.br\/sites\/florestaemadeira.ufes.br\/files\/field\/anexo\/tcc_julio_cezar_tannure_faria.pdf<\/a><\/p>\n<p>&nbsp;<\/p>\n<p>-Fassio, P. O; Silva, W. N; Corr\u00eaa, R. M; Duarte, N. F; Gon\u00e7alves, L. D. ; Pereira, L. C. 2009.\u00a0<strong>Sistema Agrossilvipastoril com Cedro Australiano para fomento na regi\u00e3o de Bambu\u00ed: Estudos Preliminares.<\/strong>\u00a0In: II Semana de Ci\u00eancia e Tecnologia do IFMG do campus Bambu\u00ed. Bambu\u00ed, MG. 6p.\u00a0<a href=\"http:\/\/www.cefetbambui.edu.br\/sct\/trabalhos\/Recursos%20Naturais\/162-PT-10.pdf\">http:\/\/www.cefetbambui.edu.br\/sct\/trabalhos\/Recursos%20Naturais\/162-PT-10.pdf<\/a><\/p>\n<p>&nbsp;<\/p>\n<p>-Fassola, H. E; Crechi, E. H; Keller A. E; Domeq C; Hennig A; Hampel H; Pachas, N. A. 2010.\u00a0<strong>Pautas para el manejo silv\u00edcola de bosques mixtos de Grevillea robusta y\u00a0<em>Toona ciliata<\/em>\u00a0en el sur de la provincia de missiones.<\/strong>\u00a0In: 14<sup>as<\/sup>\u00a0Jornadas Jornadas T\u00e9cnicas Forestales y Ambientales. Facultad de Ciencias Forestales, UNaM &#8211; EEA Montecarlo, INTA.\u00a0<a href=\"http:\/\/inta.gob.ar\/sites\/default\/files\/script-tmp-manejo_silvicola_bosques_mixtos.pdf\">http:\/\/inta.gob.ar\/sites\/default\/files\/script-tmp-manejo_silvicola_bosques_mixtos.pdf<\/a><\/p>\n<p>&nbsp;<\/p>\n<p>-Isaac Junior, M. A. 2014.\u00a0<strong>Perfil longitudinal do fuste de cedro australiano (Toona ciliata M. Roem.) estimado por modelos n\u00e3o lineares e redes neurais artificiais.<\/strong>\u00a095 p. (Disserta\u00e7\u00e3o P\u00f3s gradua\u00e7\u00e3o em Engenharia Florestal, UFLA).\u00a0<a href=\"http:\/\/repositorio.ufla.br\/jspui\/handle\/1\/4230\">http:\/\/repositorio.ufla.br\/jspui\/handle\/1\/4230<\/a><\/p>\n<p>&nbsp;<\/p>\n<p>-Klippel, V. H., J.E.M. Pezzopane, J.R.M. Pezzopane, R.A. Cec\u00edlio, F.S. Castro, L. Pimenta, 2013.\u00a0<strong>Zoneamento agroclim\u00e1tico para Teca, Cedro Australiano, Nim Indiano e Pupunha no estado do Esp\u00edrito Santo.<\/strong>\u00a0Revista Floresta, 43: 671-680.\u00a0<a href=\"http:\/\/revistas.ufpr.br\/floresta\/article\/view\/30914\/21721\">http:\/\/revistas.ufpr.br\/floresta\/article\/view\/30914\/21721<\/a><\/p>\n<p>&nbsp;<\/p>\n<p>-M\u00fcller, J.S; Gomes, M.A; Couto, L; Pinheiro, A. L, Alvarenga, A.P; Lani, J.L; Vale, A.B. 2004.\u00a0<strong>Sistemas agroflorestais com caf\u00e9 (Coffea arabica L.) e Cedro-Australiano (<em>Toona ciliata<\/em>\u00a0M. Roem. var.\u00a0<em>australis<\/em>\u00a0(F. Muell.) Bahadur) na Zona da Mata de Minas Gerais: estudo de caso. Agrossilvicultura.<\/strong>\u00a01(1):51-60.\u00a0<a href=\"http:\/\/www.do.ufgd.edu.br\/gesaf\/arquivos\/docs\/a_artigos_hp\/safate2010\/periodicos\/Laercio05-SBAG-v1-n1-2004-51-60.pdf\">http:\/\/www.do.ufgd.edu.br\/gesaf\/arquivos\/docs\/a_artigos_hp\/safate2010\/periodicos\/Laercio05-SBAG-v1-n1-2004-51-60.pdf<\/a><\/p>\n<p>&nbsp;<\/p>\n<p>-Oliosi, G; , Jo\u00e3o Giles, A. D; , Rodrigues, W. P;\u00a0 Ramalho, J. C; Partelli, F. L. 2016.\u00a0<strong>Microclimate and development of\u00a0<em>Coffea canephora<\/em>cv.\u00a0<em>Conilon<\/em>\u00a0under different shading levels promoted by Australian cedar (<em>Toona ciliata<\/em>\u00a0M. Roem. var.\u00a0<em>Australis<\/em>).<\/strong>\u00a0Australian Journal of Crop Science. 10(4):528-538.\u00a0<a href=\"http:\/\/www.cropj.com\/rodrigues_10_4_2016_528_538.pdf\">http:\/\/www.cropj.com\/rodrigues_10_4_2016_528_538.pdf<\/a><\/p>\n<p>&nbsp;<\/p>\n<p>-Rabello Jr, C. A. M;.Matiello, J.B; Padilha, L; Carvalho, C. H. S; Garcia, J. A. L. A; Ferreira, R.A. 2009.\u00a0<strong>Combina\u00e7\u00e3o de cultivo do\u00a0<em>Coffea arabica<\/em>, com cedro australiano\u00a0<em>Toona ciliata<\/em>\u00a0var.\u00a0<em>australis<\/em>\u00a0na regi\u00e3o sul de minas.<\/strong>\u00a0In: 35 Congresso Brasileiro de Pesquisas Cafeeiras. Arax\u00e1, MG. 3p.\u00a0<a href=\"http:\/\/ainfo.cnptia.embrapa.br\/digital\/bitstream\/item\/58918\/1\/Combinacao-de-cultivo.pdf\">http:\/\/ainfo.cnptia.embrapa.br\/digital\/bitstream\/item\/58918\/1\/Combinacao-de-cultivo.pdf<\/a><\/p>\n<p>&nbsp;<\/p>\n<p>-Ricken, P; Matto, P. P; Braz, E. M. 2011.\u00a0<strong>Crescimento diam\u00e9trico em povoamento de\u00a0<em>Toona ciliata<\/em>\u00a0var.\u00a0<em>australis<\/em>. In: X evento de inicia\u00e7\u00e3o cient\u00edfica da EMBRAPA Floresta.<\/strong>\u00a0Colombo, Pr. 1P.\u00a0<a href=\"http:\/\/www.alice.cnptia.embrapa.br\/alice\/bitstream\/doc\/910126\/1\/CrescimentodiametricoemToonaPollyniPovoa.pdf\">http:\/\/www.alice.cnptia.embrapa.br\/alice\/bitstream\/doc\/910126\/1\/CrescimentodiametricoemToonaPollyniPovoa.pdf<\/a><\/p>\n<p>&nbsp;<\/p>\n<p>-Ricken, P; Matto, P. P; Braz, E. M; Kalil Filho.\u00a0<strong>Crescimento diam\u00e1trico de povoamento de\u00a0<em>Toona ciliate<\/em>\u00a0var.\u00a0<em>australis\u00a0<\/em>em Adrian\u00f3polis, Pr.<\/strong>\u00a0EMBRAPA, Colombo, Pr.\u00a0 Boletim T\u00e9cnico 285. 4p.\u00a0<a href=\"http:\/\/ainfo.cnptia.embrapa.br\/digital\/bitstream\/item\/44509\/1\/CT285.pdf\">http:\/\/ainfo.cnptia.embrapa.br\/digital\/bitstream\/item\/44509\/1\/CT285.pdf<\/a><\/p>\n<p>&nbsp;<\/p>\n<p>-Sanches-Acosta, M. 2005.\u00a0<strong>Situac\u00f3n foresto-industrial de Argentina al 2005 (Ejemplo de uma cadena forestal).<\/strong>\u00a0IPEF. Piracicaba, SP. S\u00e1rie t\u00e9cnica 35. 22p.\u00a0<a href=\"http:\/\/www.ipef.br\/publicacoes\/stecnica\/nr35\/cap03.pdf\">http:\/\/www.ipef.br\/publicacoes\/stecnica\/nr35\/cap03.pdf<\/a><\/p>\n<\/div>\n<\/div>\n<\/div>\n<\/div>\n<\/div>\n<\/div>\n[\/vc_column_text][\/vc_column][\/vc_row]\n<\/div>","protected":false},"excerpt":{"rendered":"<p>[vc_row][vc_column][vc_column_text] 7) PR\u00c1TICAS SILVICULTURAIS E MANEJO &nbsp; Em colabora\u00e7\u00e3o com a Bela Vista Florestal &nbsp; -Alves, J. A. 2013.\u00a0Modelos biom\u00e9tricos florestais para Toona ciliata M. Roem. (Cedro australiano).\u00a0Lavras, MG. 136 p. (Disserta\u00e7\u00e3o P\u00f3s gradua\u00e7\u00e3o em Engenharia Florestal, UFLA).\u00a0http:\/\/repositorio.ufla.br\/handle\/1\/1153 &nbsp; -Oliveira, J. R; Duarte, N. F; FASSIO, P. O. 2008.\u00a0Avalia\u00e7\u00e3o de fitotoxicidade de herbicidas ao cedro&hellip;<\/p>\n","protected":false},"author":7,"featured_media":0,"parent":1284,"menu_order":0,"comment_status":"closed","ping_status":"closed","template":"templates\/right-sidebar.php","meta":{"_monsterinsights_skip_tracking":false,"_monsterinsights_sitenote_active":false,"_monsterinsights_sitenote_note":"","_monsterinsights_sitenote_category":0,"footnotes":""},"class_list":["post-1289","page","type-page","status-publish","hentry","entry","no-media"],"_links":{"self":[{"href":"https:\/\/belavistaflorestal.com.br\/en\/wp-json\/wp\/v2\/pages\/1289","targetHints":{"allow":["GET"]}}],"collection":[{"href":"https:\/\/belavistaflorestal.com.br\/en\/wp-json\/wp\/v2\/pages"}],"about":[{"href":"https:\/\/belavistaflorestal.com.br\/en\/wp-json\/wp\/v2\/types\/page"}],"author":[{"embeddable":true,"href":"https:\/\/belavistaflorestal.com.br\/en\/wp-json\/wp\/v2\/users\/7"}],"replies":[{"embeddable":true,"href":"https:\/\/belavistaflorestal.com.br\/en\/wp-json\/wp\/v2\/comments?post=1289"}],"version-history":[{"count":1,"href":"https:\/\/belavistaflorestal.com.br\/en\/wp-json\/wp\/v2\/pages\/1289\/revisions"}],"predecessor-version":[{"id":1303,"href":"https:\/\/belavistaflorestal.com.br\/en\/wp-json\/wp\/v2\/pages\/1289\/revisions\/1303"}],"up":[{"embeddable":true,"href":"https:\/\/belavistaflorestal.com.br\/en\/wp-json\/wp\/v2\/pages\/1284"}],"wp:attachment":[{"href":"https:\/\/belavistaflorestal.com.br\/en\/wp-json\/wp\/v2\/media?parent=1289"}],"curies":[{"name":"wp","href":"https:\/\/api.w.org\/{rel}","templated":true}]}}