{"id":1290,"date":"2018-01-25T13:11:40","date_gmt":"2018-01-25T16:11:40","guid":{"rendered":"https:\/\/belavistaflorestal.com.br\/apoio-ao-consultor\/sementes-e-mudas\/"},"modified":"2018-07-27T11:26:57","modified_gmt":"2018-07-27T14:26:57","slug":"sementes-e-mudas","status":"publish","type":"page","link":"https:\/\/belavistaflorestal.com.br\/en\/apoio-ao-consultor\/sementes-e-mudas\/","title":{"rendered":"SEMENTES E MUDAS"},"content":{"rendered":"<div class=\"wpb-content-wrapper\">[vc_row][vc_column][vc_column_text]\n<div class=\"h1_center\">\n<div class=\"h1_center\">\n<div class=\"h1_center\">\n<div class=\"h1_center\">\n<h1>5) SEMENTES E MUDAS<\/h1>\n<\/div>\n<div class=\"conteudoTexto\">\n<p>&nbsp;<\/p>\n<p><strong>Em colabora\u00e7\u00e3o com a Bela Vista Florestal<\/strong><\/p>\n<p>&nbsp;<\/p>\n<p>-Maluleque, I. F. 2014.\u00a0\u00a0<strong>Qualidade de mudas e produtividade de minicepas de clones de cedro australiano (Toona ciliata M. Roemer var. australis) tratadas com paclobutrazol.<\/strong>\u00a0Lavras, MG. 104p. (Disserta\u00e7\u00e3o P\u00f3s Gradua\u00e7\u00e3o em Engenharia Florestal, UFLA).\u00a0<a href=\"http:\/\/repositorio.ufla.br\/handle\/1\/1793\">http:\/\/repositorio.ufla.br\/handle\/1\/1793<\/a><\/p>\n<p>&nbsp;<\/p>\n<p><strong>Outras institui\u00e7\u00f5es<\/strong><\/p>\n<p>&nbsp;<\/p>\n<p>-Caldeira, M. V. W; Gomes, D. R Gon\u00e7alves, E. O; Delarmelina, W. M; Huezer Vigan\u00f4 Sperandio, H. V; Trazzi, P. A. 2012.\u00a0<strong>Bioss\u00f3lido como substrato para produ\u00e7\u00e3o de mudas de\u00a0<em>Toona ciliata<\/em>\u00a0var.\u00a0<em>australis<\/em>.<\/strong>\u00a0Revista \u00c1rvore. v.36, n.6, p.1009-1017.\u00a0<a href=\"http:\/\/www.scielo.br\/pdf\/rarv\/v36n6\/02.pdf\">http:\/\/www.scielo.br\/pdf\/rarv\/v36n6\/02.pdf<\/a><\/p>\n<p>&nbsp;<\/p>\n<p>-Carmo, E. R; Cristiane Figueira da Silva, C. F; Freitas, M. S. M;\u00a0 Lima, K. B;\u00a0 Martins, M. A. 2016.<strong>\u00a0Production of australian cedar seedlings inoculated with arbuscular mycorrhizal fungi in different types of containers.<\/strong>\u00a0<strong>\u00a0<\/strong>Revista\u00a0 \u00c1rvore. v. 40,\u00a0n. 2,\u00a0p. 269-278.\u00a0<a href=\"http:\/\/www.scielo.br\/pdf\/rarv\/v40n2\/0100-6762-rarv-40-02-0269.pdf\">http:\/\/www.scielo.br\/pdf\/rarv\/v40n2\/0100-6762-rarv-40-02-0269.pdf<\/a><\/p>\n<p>&nbsp;<\/p>\n<p>-De Marco, R; Conte, B;\u00a0 Perrando, E. R. , Fortes, F. O; Somavilla,L;\u00a0 Burgin, M. B. 2014.\u00a0<strong>Efeito de telas de sombreamento no crescimento e prote\u00e7\u00e3o de mudas de\u00a0<em>Toona ciliata<\/em>\u00a0sob baixas temperaturas.<\/strong>\u00a0Floresta. v. 44, n. 4, p. 607 \u2013 616\u00a0<a href=\"http:\/\/revistas.ufpr.br\/floresta\/article\/viewFile\/33126\/24044\">http:\/\/revistas.ufpr.br\/floresta\/article\/viewFile\/33126\/24044<\/a><\/p>\n<p>&nbsp;<\/p>\n<p>-Ferreira, D. A; Barroso, D.G; Silva, M. P. S; Souza, J. S; Freitas, T. A. S,; Carneiro, J. G. A. 2012.\u00a0<strong>Influ\u00eancia da posi\u00e7\u00e3o das miniestacas na qualidade de mudas de cedro australiano e no seu desempenho inicial no p\u00f3s-plantio.<\/strong>\u00a0Ci\u00eancia Florestal, 22(4):715-723.\u00a0<a href=\"http:\/\/periodicos.ufsm.br\/cienciaflorestal\/article\/view\/7553\/pdf_1\">http:\/\/periodicos.ufsm.br\/cienciaflorestal\/article\/view\/7553\/pdf_1<\/a><\/p>\n<p>&nbsp;<\/p>\n<p>-Kalil Filho, A. N; Wendling, I. 2012.\u00a0<strong>Produ\u00e7\u00e3o de mudas de cedro australiano.<\/strong>\u00a0EMBRAPA. Colombo , Pr. Comunicado t\u00e9cnico 309. 5p.\u00a0<a href=\"https:\/\/www.infoteca.cnptia.embrapa.br\/bitstream\/doc\/942888\/1\/ct309.pdf\">https:\/\/www.infoteca.cnptia.embrapa.br\/bitstream\/doc\/942888\/1\/ct309.pdf<\/a><\/p>\n<p>&nbsp;<\/p>\n<p>-Lam\u00f4nica, K. R. 2013.\u00a0<strong>Produtividade de minicepas de clones de cedro australiano (<em>Toona ciliata<\/em>) e produ\u00e7\u00e3o de mudas por miniestaquia. campos dos Goytacazes,<\/strong>\u00a0RJ. (Tese &#8211; Centro de Ci\u00eancias e Tecnologias Agropecu\u00e1rias da Universidade Estadual do Norte Fluminense Darcy Ribeiro).\u00a0<a href=\"http:\/\/uenf.br\/pos-graduacao\/producao-vegetal\/files\/2014\/08\/Kelly.pdf\">http:\/\/uenf.br\/pos-graduacao\/producao-vegetal\/files\/2014\/08\/Kelly.pdf<\/a><\/p>\n<p>&nbsp;<\/p>\n<p>-Lisboa, A. C; Santos, P. S;\u00a0 Oliveira Neto, S. N; 3 , Castro, D. N;\u00a0 Abreu, A. H. M. 2013.\u00a0<strong>Efeito do volume de tubetes na produ\u00e7\u00e3o de mudas de\u00a0<em>Calophyllum brasiliense<\/em>\u00a0E\u00a0<em>Toona ciliata<\/em>.<\/strong>\u00a0Revista \u00c1rvore. v.36, n.4, p.603-609.\u00a0<a href=\"http:\/\/www.scielo.br\/pdf\/rarv\/v36n4\/a03v36n4.pdf\">http:\/\/www.scielo.br\/pdf\/rarv\/v36n4\/a03v36n4.pdf<\/a><\/p>\n<p>&nbsp;<\/p>\n<p>-Lisboa, L. V. R; Souza, P. A;\u00a0 Gon\u00e7alves, D. S;\u00a0 Silva, P. B; Katiane Sousa Carvalho, K. S. 2016.<strong>\u00a0Avalia\u00e7\u00e3o do crescimento e desenvolvimento de\u00a0<em>Toona ciliata<\/em>\u00a0var.\u00a0<em>australis<\/em>, em diferentes substratos e recipientes.<\/strong>\u00a0Enciclop\u00e9dia BIOSFERA, Centro Cient\u00edfico Conhecer &#8211; Goi\u00e2nia, v.13 n.23. 11p.\u00a0<a href=\"http:\/\/conhecer.org.br\/enciclop\/2016a\/agrarias\/Avaliacao%20do%20crescimento%20e%20desenvolvimento.pdf\">http:\/\/conhecer.org.br\/enciclop\/2016a\/agrarias\/Avaliacao%20do%20crescimento%20e%20desenvolvimento.pdf<\/a><\/p>\n<p>&nbsp;<\/p>\n<p>-Medeiros, L. R; Monteiro, M. A; Migliorini, P; Lazarotto, M; Tunes, L. M. 2015.\u00a0<strong>Standardization of germination test and response to nacl salt stress in\u00a0<em>Toona cliliata<\/em>\u00a0seeds.<\/strong>\u00a0Floresta. v. 45, n. 4, p. 845- 852.\u00a0<a href=\"http:\/\/revistas.ufpr.br\/floresta\/article\/viewFile\/39140\/26963\">http:\/\/revistas.ufpr.br\/floresta\/article\/viewFile\/39140\/26963<\/a><\/p>\n<p>&nbsp;<\/p>\n<p>-Migliorini, P; Medeiros, L; Monteiro, M. A; Caratti, F. C; Lazarotto, M;\u00a0 Tunes, L. M. 2015.\u00a0<strong>Efeito de diferentes substratos no desenvolvimento inicial de cedro australiano.<\/strong>\u00a0Revista de Ci\u00eancias Agroveterin\u00e1rias. v.14, n.2, p.139-145.\u00a0<a href=\"http:\/\/revistas.udesc.br\/index.php\/agroveterinaria\/article\/view\/5858\/4592\">http:\/\/revistas.udesc.br\/index.php\/agroveterinaria\/article\/view\/5858\/4592<\/a><\/p>\n<p>&nbsp;<\/p>\n<p>-Oliveira, J. R; Duarte, N. F. 2009.\u00a0<strong>Avalia\u00e7\u00e3o da Germina\u00e7\u00e3o e Crescimento de\u00a0<em>Toona ciliata<\/em>\u00a0var<em>. australis<\/em>.<\/strong>\u00a0In: II Semana de Ci\u00eancia e Tecnologia IFMG Campus Bambu\u00ed. Bambui, MG. 5p.\u00a0<a href=\"http:\/\/www.cefetbambui.edu.br\/sct\/trabalhos\/Recursos%20Naturais\/106-PT-10.pdf\">http:\/\/www.cefetbambui.edu.br\/sct\/trabalhos\/Recursos%20Naturais\/106-PT-10.pdf<\/a><\/p>\n<p>&nbsp;<\/p>\n<p>-Pereira, M. O. 2014.\u00a0<strong>Resgate vegetativo e propaga\u00e7\u00e3o via estaquia e miniestaquia de\u00a0<em>Toona ciliata\u00a0<\/em>M. Roem. var.\u00a0<em>australis<\/em><\/strong>\u00a0(f. muell.) Bahadur. 103 p. (Disserta\u00e7\u00e3o P\u00f3s Gradua\u00e7\u00e3o em Engenharia Florestal, UFPR).\u00a0<a href=\"http:\/\/hdl.handle.net\/1884\/36355\">http:\/\/hdl.handle.net\/1884\/36355<\/a><\/p>\n<p>&nbsp;<\/p>\n<p>-Silva, M. P. S;\u00a0 Barroso, D. G; Souza, J. S; Ferreira, D. A;\u00a0 Carneiro, J. G. A. 2012.\u00a0<strong>Enraizamento de miniestacas e produtividade de minicepas de cedro australiano manejadas em canalet\u00f5es e tubetes.<\/strong>\u00a0Ci\u00eancia Florestal (UFSM. Impresso) , v. 22, p. 703-713, 2012.\u00a0<a href=\"http:\/\/periodicos.ufsm.br\/cienciaflorestal\/article\/view\/7552\/pdf\">http:\/\/periodicos.ufsm.br\/cienciaflorestal\/article\/view\/7552\/pdf<\/a><\/p>\n<p>&nbsp;<\/p>\n<p>-Souza, J. C. A. V;\u00a0 Barroso, D. G; Carneiro, J. G. A; Teixeira, S. L;\u00a0 balbinot, E. 2009.\u00a0<strong>Propaga\u00e7\u00e3o vegetativa de cedro-australiano (<em>Toona ciliata<\/em>\u00a0M. Roemer) por miniestaquia.<\/strong>\u00a0Revista \u00c1rvore. v.33, n.2, p.205-213.\u00a0<a href=\"http:\/\/www.scielo.br\/pdf\/rarv\/v33n2\/a02v33n2.pdf\">http:\/\/www.scielo.br\/pdf\/rarv\/v33n2\/a02v33n2.pdf<\/a><\/p>\n<p>&nbsp;<\/p>\n<p>-Souza, J. S; Barroso, D. G; Silva, M. P. S; Ferreira, D. A. F; Gravina, G. A Carneiro, J. G. A. 2014.\u00a0<strong>Produtividade de minicepas de cedro australiano e remo\u00e7\u00e3o de nutrientes pela coleta sucessiva de miniestacas.<\/strong>\u00a0Ci\u00eancia Florestal. v. 24, n. 1, p. 71-77.\u00a0<a href=\"http:\/\/periodicos.ufsm.br\/cienciaflorestal\/article\/view\/13324\/pdf_1\">http:\/\/periodicos.ufsm.br\/cienciaflorestal\/article\/view\/13324\/pdf_1<\/a><\/p>\n<\/div>\n<\/div>\n<\/div>\n<\/div>\n[\/vc_column_text][\/vc_column][\/vc_row]\n<\/div>","protected":false},"excerpt":{"rendered":"<p>[vc_row][vc_column][vc_column_text] 5) SEMENTES E MUDAS &nbsp; Em colabora\u00e7\u00e3o com a Bela Vista Florestal &nbsp; -Maluleque, I. F. 2014.\u00a0\u00a0Qualidade de mudas e produtividade de minicepas de clones de cedro australiano (Toona ciliata M. Roemer var. australis) tratadas com paclobutrazol.\u00a0Lavras, MG. 104p. (Disserta\u00e7\u00e3o P\u00f3s Gradua\u00e7\u00e3o em Engenharia Florestal, UFLA).\u00a0http:\/\/repositorio.ufla.br\/handle\/1\/1793 &nbsp; Outras institui\u00e7\u00f5es &nbsp; -Caldeira, M. V. W;&hellip;<\/p>\n","protected":false},"author":7,"featured_media":0,"parent":1284,"menu_order":0,"comment_status":"closed","ping_status":"closed","template":"templates\/right-sidebar.php","meta":{"_monsterinsights_skip_tracking":false,"_monsterinsights_sitenote_active":false,"_monsterinsights_sitenote_note":"","_monsterinsights_sitenote_category":0,"footnotes":""},"class_list":["post-1290","page","type-page","status-publish","hentry","entry","no-media"],"_links":{"self":[{"href":"https:\/\/belavistaflorestal.com.br\/en\/wp-json\/wp\/v2\/pages\/1290","targetHints":{"allow":["GET"]}}],"collection":[{"href":"https:\/\/belavistaflorestal.com.br\/en\/wp-json\/wp\/v2\/pages"}],"about":[{"href":"https:\/\/belavistaflorestal.com.br\/en\/wp-json\/wp\/v2\/types\/page"}],"author":[{"embeddable":true,"href":"https:\/\/belavistaflorestal.com.br\/en\/wp-json\/wp\/v2\/users\/7"}],"replies":[{"embeddable":true,"href":"https:\/\/belavistaflorestal.com.br\/en\/wp-json\/wp\/v2\/comments?post=1290"}],"version-history":[{"count":1,"href":"https:\/\/belavistaflorestal.com.br\/en\/wp-json\/wp\/v2\/pages\/1290\/revisions"}],"predecessor-version":[{"id":1304,"href":"https:\/\/belavistaflorestal.com.br\/en\/wp-json\/wp\/v2\/pages\/1290\/revisions\/1304"}],"up":[{"embeddable":true,"href":"https:\/\/belavistaflorestal.com.br\/en\/wp-json\/wp\/v2\/pages\/1284"}],"wp:attachment":[{"href":"https:\/\/belavistaflorestal.com.br\/en\/wp-json\/wp\/v2\/media?parent=1290"}],"curies":[{"name":"wp","href":"https:\/\/api.w.org\/{rel}","templated":true}]}}