{"id":1291,"date":"2018-01-25T13:14:54","date_gmt":"2018-01-25T16:14:54","guid":{"rendered":"https:\/\/belavistaflorestal.com.br\/apoio-ao-consultor\/softwares-para-analises-diversas\/"},"modified":"2018-07-27T11:27:05","modified_gmt":"2018-07-27T14:27:05","slug":"softwares-para-analises-diversas","status":"publish","type":"page","link":"https:\/\/belavistaflorestal.com.br\/en\/apoio-ao-consultor\/softwares-para-analises-diversas\/","title":{"rendered":"SOFTWARES PARA AN\u00c1LISES DIVERSAS"},"content":{"rendered":"<div class=\"wpb-content-wrapper\">[vc_row][vc_column][vc_column_text]\n<div class=\"h1_center\">\n<div class=\"h1_center\">\n<div class=\"h1_center\">\n<div class=\"h1_center\">\n<div class=\"h1_center\">\n<div class=\"h1_center\">\n<div class=\"h1_center\">\n<h1>SOFTWARES PARA AN\u00c1LISES DIVERSAS<\/h1>\n<\/div>\n<div class=\"conteudoTexto\">\n<p>&nbsp;<\/p>\n<p><strong>SisCedro &#8211; Software para manejo florestal espec\u00edfico para a cultura do cedro australiano (Embrapa)<\/strong><\/p>\n<p>Pesquisador Edilson Batista de Oliveira (Embrapa Florestas)<\/p>\n<p>Os softwares da Fam\u00edlia SIS s\u00e3o simuladores para manejo, an\u00e1lise econ\u00f4mica, modelagem e de crescimento e produ\u00e7\u00e3o de florestas plantadas utilizados para auxiliar no planejamento dos desbates (colheitas parciais, retirando-se linhas e\/ou \u00e1rvores selecionadas). Os usu\u00e1rios podem utilizar os softwares para testar todas as op\u00e7\u00f5es de manejo da floresta para cada condi\u00e7\u00e3o de clima e solo, fazer prognoses de produ\u00e7\u00f5es presente e futura, efetuar an\u00e1lises econ\u00f4micas e, depois, levar para o campo apenas a melhor alternativa.<\/p>\n<p><a href=\"http:\/\/www.cnpf.embrapa.br\/software\/\">http:\/\/www.cnpf.embrapa.br\/software\/<\/a><\/p>\n<p>&nbsp;<\/p>\n<p>&nbsp;<\/p>\n<p><strong>Programa Genes &#8211; Aplicativo em Gen\u00e9tica e Estat\u00edstica (UFV)<\/strong><\/p>\n<p>Professor Cosme Dami\u00e3o Cruz (DBG\/UFV)<\/p>\n<p>O desenvolvimento de aplicativos na \u00e1rea de Gen\u00e9tica e Melhoramento torna-se fundamental pela escassez dos mesmos, tanto no Brasil quanto no exterior. Sua disponibilidade visa atender a uma demanda crescente de usu\u00e1rios nas diversas institui\u00e7\u00f5es de pesquisa, que manipulam um grande volume de dados, os quais requerem um processamento adequado, para que par\u00e2metros estat\u00edsticos e biol\u00f3gicos sejam convenientemente estimados.<\/p>\n<p>Para o caso espec\u00edfico da Gen\u00e9tica verifica-se que o melhoramento intensivo de muitas esp\u00e9cies e a complexidade dos caracteres de maior import\u00e2ncia t\u00eam requerido a utiliza\u00e7\u00e3o de crit\u00e9rios de sele\u00e7\u00e3o\u00a0\u00a0cada vez mais apurados.\u00a0\u00a0Nas diversas etapas do melhoramento os melhoristas t\u00eam a necessidade de utilizar informa\u00e7\u00f5es, expressas em par\u00e2metros de modelos biom\u00e9tricos, que normalmente n\u00e3o est\u00e3o dispon\u00edveis nas sa\u00eddas\u00a0\u00a0da maioria dos softwares dispon\u00edveis para a \u00e1rea cient\u00edfica. Assim, por exemplo, metodologias de an\u00e1lises dial\u00e9licas, para escolha de progenitores para hibrida\u00e7\u00f5es e forma\u00e7\u00e3o de popula\u00e7\u00f5es-base para sele\u00e7\u00e3o, de avalia\u00e7\u00e3o da estabilidade e adaptabilidade, para recomenda\u00e7\u00e3o de cultivares, de estima\u00e7\u00e3o de par\u00e2metros gen\u00e9ticos tais como herdabilidade, correla\u00e7\u00f5es etc., para avaliar e direcionar programas de melhoramento, n\u00e3o s\u00e3o geralmente encontradas nos aplicativos difundidos em nossa comunidade cient\u00edfica.<\/p>\n<p>Assim,\u00a0\u00a0foi\u00a0\u00a0desenvolvido o programa GENES, com a finalidade de atender, principalmente, a \u00e1rea de Gen\u00e9tica e Estat\u00edstica Experimental.<\/p>\n<p><a href=\"http:\/\/www.ufv.br\/dbg\/genes\/genes.htm\">www.ufv.br\/dbg\/genes\/genes.htm<\/a><\/p>\n<p>&nbsp;<\/p>\n<p>&nbsp;<\/p>\n<p><strong>Software Selegen &#8211; REML\/BLUP &#8211; Sele\u00e7\u00e3o gen\u00e9tica no melhoramento de plantas (Embrapa)<\/strong><\/p>\n<p>Marcos Deon Vilela de Resende\u00a0-(EMBRAPA\/UFV)<\/p>\n<p>Fudamentado em procedimentos \u00f3timos de estima\u00e7\u00e3o de componentes de vari\u00e2ncia e de predi\u00e7\u00e3o de valores gen\u00e9ticos, o referido software conduz \u00e0 maximaiza\u00e7\u00e3o da efici~encia dos programas de melhoramento gen\u00e9tico da v\u00e1rias categorias de plantas, tais quais: 1) esp\u00e9cies florestais (como eucalipto, o pinus , a ac\u00e1cia-negra, a seringueira, a leucena , a grev\u00edlea, a teca, o mogno); ii) esp\u00e9cies produtoras de alimentos estimulantes contendo os alcal\u00f3ides cafe\u00edna e teobromina (como o caf\u00e9, o cacau, a erva-mate, o guaran\u00e1, o ch\u00e1-da-\u00edndia); (iii) palm\u00e1ceas , produtoras de palmitos, \u00f3leos de frutos comest\u00edveis (como o dend\u00ea, o coco, a pupunha, o a\u00e7a\u00ed, a ju\u00e7ara, a palmeira-real, a tamareira); (iv) fruteiras (como a acerola, o caju, o cupua\u00e7u, a ma\u00e7\u00e3, a graviola, a pinha); (v) fruteiras forrageiras (como o capim elefante, a branqui\u00e1ria, o panicum, o estilosantes, a alfafa): (vi) esp\u00e9cies energ\u00e9ticas (como a cana-de-a\u00e7\u00facar, a mandioca); (vii) esp\u00e9cies hort\u00b4[icolas ou oler\u00edcolas (como a batata, o morango); (viii) esp\u00e9cies anuais (produtoras de gr\u00e3os, como cereaias e outras).<\/p>\n<p>\u00c9 recomendado o seu uso em associa\u00e7\u00e3o com o livro Gen\u00e9tica Biom\u00e9trica e Estat\u00edstica no melhoramento de plantas perenes, de autoria do mesmo pesquisador.<\/p>\n<p><a href=\"http:\/\/www.det.ufv.br\/ppestbio\/docs\/Software_Selegen_RemlBlup.zip\">http:\/\/www.det.ufv.br\/ppestbio\/docs\/Software_Selegen_RemlBlup.zip<\/a><\/p>\n<p><a href=\"http:\/\/www.incaper.es.gov.br\/congressos\/cbmp\/apresentacoes\/minicursos\/Minicurso2_SelegenManual.pdf\">http:\/\/www.incaper.es.gov.br\/congressos\/cbmp\/apresentacoes\/minicursos\/Minicurso2_SelegenManual.pdf<\/a><\/p>\n<p>&nbsp;<\/p>\n<p>&nbsp;<\/p>\n<p><strong>RStudio e R3.1 &#8211; Ambiente computacional estat\u00edsco e gr\u00e1fico gratuito<\/strong><\/p>\n<p>Edi\u00e7\u00f5es OpenSource<\/p>\n<p>R \u00e9 uma linguagem e ambiente para computa\u00e7\u00e3o estat\u00edstica e gr\u00e1ficos. \u00c9 um projeto GNU, que \u00e9 semelhante \u00e0 linguagem e ambiente S , que foi desenvolvido pela Bell Laboratories (antiga AT &amp; T, agora Lucent Technologies) por John Chambers e seus colegas. R pode ser considerado como uma implementa\u00e7\u00e3o diferente de S. Existem algumas diferen\u00e7as importantes, mas muito do c\u00f3digo escrito para S \u00e9 executado inalterado sob R.<\/p>\n<p>R fornece uma ampla variedade de t\u00e9cnicas estat\u00edsticas gr\u00e1ficas (modelagem n\u00e3o-linear testes estat\u00edsticos cl\u00e1ssicos an\u00e1lise de s\u00e9ries temporais linear e,,, classifica\u00e7\u00e3o, clustering, &#8230;) e, e \u00e9 altamente extens\u00edvel. A linguagem S \u00e9 muitas vezes o ve\u00edculo de escolha para a investiga\u00e7\u00e3o em metodologia estat\u00edstica, e R fornece uma rota Open Source para participa\u00e7\u00e3o nessa atividade.<\/p>\n<p>Um dos pontos fortes da R \u00e9 a facilidade com que gr\u00e1ficos bem concebidos para publica\u00e7\u00f5es cient\u00edficas de qualidade podem ser produzidos, incluindo s\u00edmbolos e f\u00f3rmulas matem\u00e1ticas, quando necess\u00e1rio. Grande cuidado foi tomado os padr\u00f5es para as op\u00e7\u00f5es de design menores em gr\u00e1ficos, mas o usu\u00e1rio mant\u00e9m o controle total.<\/p>\n<p>R est\u00e1 dispon\u00edvel como software livre sob os termos da GNU General Public License da Free Software Foundation em forma de c\u00f3digo fonte. Ele compila e roda em uma ampla variedade de plataformas UNIX e sistemas similares (incluindo FreeBSD e Linux), Windows e MacOS.<\/p>\n<p><a href=\"https:\/\/www.rstudio.com\/products\/rstudio\/\">https:\/\/www.rstudio.com\/products\/rstudio\/<\/a><\/p>\n<p><a href=\"http:\/\/cran.r-project.org\/mirrors.html\">http:\/\/cran.r-project.org\/mirrors.html<\/a><\/p>\n<p>&nbsp;<\/p>\n<p>&nbsp;<\/p>\n<p><strong>Sisvar &#8211; An\u00e1lise estat\u00edstica e planejamento de experimentos<\/strong><\/p>\n<p>Professor Daniel Furtado Ferreira (DEX\/UFLA)<\/p>\n<p>O Sisvar \u00e9 um programa de an\u00e1lise estat\u00edstica e planejamento de experimentos. Essencialmente o Sisvar realiza an\u00e1lises An\u00e1lises de vari\u00e2ncia, Planos experimentais, Estimador Kernel de densidades, Estat\u00edsticas descritivas, Teste de normalidade de Shapiro-Wilk, C\u00e1lculo de probabilidade, Estima\u00e7\u00e3o e testes de hip\u00f3teses, Regress\u00e3o linear simples e m\u00faltipla. O usu\u00e1rio pode montar efeitos com diferentes fun\u00e7\u00f5es matem\u00e1ticas simples. Al\u00e9m disso, o Sisvar realiza sele\u00e7\u00f5es de modelos lineares usando as t\u00e9cnicas backward, stepwise e forward. Compara\u00e7\u00f5es m\u00faltiplas usando bootstrap (Teste de Dunnett, teste Tukey e SNK). Al\u00e9m disso o Sisvar apresenta uma vers\u00e3o bootstrap do teste de Scott e Knott.<\/p>\n<p><a href=\"http:\/\/www.dex.ufla.br\/~danielff\/programas\/sisvar.html\">http:\/\/www.dex.ufla.br\/~danielff\/programas\/sisvar.html<\/a><\/p>\n<\/div>\n<\/div>\n<div class=\"conteudoTexto\"><\/div>\n<\/div>\n<\/div>\n<\/div>\n<\/div>\n<\/div>\n[\/vc_column_text][\/vc_column][\/vc_row]\n<\/div>","protected":false},"excerpt":{"rendered":"<p>[vc_row][vc_column][vc_column_text] SOFTWARES PARA AN\u00c1LISES DIVERSAS &nbsp; SisCedro &#8211; Software para manejo florestal espec\u00edfico para a cultura do cedro australiano (Embrapa) Pesquisador Edilson Batista de Oliveira (Embrapa Florestas) Os softwares da Fam\u00edlia SIS s\u00e3o simuladores para manejo, an\u00e1lise econ\u00f4mica, modelagem e de crescimento e produ\u00e7\u00e3o de florestas plantadas utilizados para auxiliar no planejamento dos desbates (colheitas&hellip;<\/p>\n","protected":false},"author":7,"featured_media":0,"parent":1284,"menu_order":0,"comment_status":"closed","ping_status":"closed","template":"templates\/right-sidebar.php","meta":{"_monsterinsights_skip_tracking":false,"_monsterinsights_sitenote_active":false,"_monsterinsights_sitenote_note":"","_monsterinsights_sitenote_category":0,"footnotes":""},"class_list":["post-1291","page","type-page","status-publish","hentry","entry","no-media"],"_links":{"self":[{"href":"https:\/\/belavistaflorestal.com.br\/en\/wp-json\/wp\/v2\/pages\/1291","targetHints":{"allow":["GET"]}}],"collection":[{"href":"https:\/\/belavistaflorestal.com.br\/en\/wp-json\/wp\/v2\/pages"}],"about":[{"href":"https:\/\/belavistaflorestal.com.br\/en\/wp-json\/wp\/v2\/types\/page"}],"author":[{"embeddable":true,"href":"https:\/\/belavistaflorestal.com.br\/en\/wp-json\/wp\/v2\/users\/7"}],"replies":[{"embeddable":true,"href":"https:\/\/belavistaflorestal.com.br\/en\/wp-json\/wp\/v2\/comments?post=1291"}],"version-history":[{"count":1,"href":"https:\/\/belavistaflorestal.com.br\/en\/wp-json\/wp\/v2\/pages\/1291\/revisions"}],"predecessor-version":[{"id":1305,"href":"https:\/\/belavistaflorestal.com.br\/en\/wp-json\/wp\/v2\/pages\/1291\/revisions\/1305"}],"up":[{"embeddable":true,"href":"https:\/\/belavistaflorestal.com.br\/en\/wp-json\/wp\/v2\/pages\/1284"}],"wp:attachment":[{"href":"https:\/\/belavistaflorestal.com.br\/en\/wp-json\/wp\/v2\/media?parent=1291"}],"curies":[{"name":"wp","href":"https:\/\/api.w.org\/{rel}","templated":true}]}}