{"id":1292,"date":"2018-01-25T12:25:50","date_gmt":"2018-01-25T15:25:50","guid":{"rendered":"https:\/\/belavistaflorestal.com.br\/apoio-ao-consultor\/taxonomia-nomenclatura-distribuicao-geografia-e-caracteristicas-botanicas\/"},"modified":"2018-07-27T11:29:16","modified_gmt":"2018-07-27T14:29:16","slug":"taxonomia-nomenclatura-distribuicao-geografia-e-caracteristicas-botanicas","status":"publish","type":"page","link":"https:\/\/belavistaflorestal.com.br\/en\/apoio-ao-consultor\/taxonomia-nomenclatura-distribuicao-geografia-e-caracteristicas-botanicas\/","title":{"rendered":"TAXONOMIA, NOMENCLATURA, DISTRIBUI\u00c7\u00c3O GEOGRAFIA E CARACTER\u00cdSTICAS BOT\u00c2NICAS"},"content":{"rendered":"<div class=\"wpb-content-wrapper\">[vc_row][vc_column][vc_column_text]\n<div class=\"h1_center\">\n<h1>1) TAXONOMIA, NOMENCLATURA, DISTRIBUI\u00c7\u00c3O GEOGRAFIA E CARACTER\u00cdSTICAS BOT\u00c2NICAS<\/h1>\n<\/div>\n<div class=\"conteudoTexto\">\n<p>&nbsp;<\/p>\n<p>-Bygrave, F. L.; Bygrave, P. L. 2005.\u00a0<strong>Growing australian red cedar and other Meliaceae Species in plantation.<\/strong>\u00a0Canberra: RIRDC, 2005. 60 p.\u00a0<a href=\"https:\/\/rirdc.infoservices.com.au\/downloads\/04-135.pdf\">https:\/\/rirdc.infoservices.com.au\/downloads\/04-135.pdf<\/a><\/p>\n<p>&nbsp;<\/p>\n<p>-CABI (2016).\u00a0<strong>Toona ciliata (toon)<\/strong>. Forestry compendium.\u00a0<a href=\"http:\/\/www.cabi.org\/fc\/search\/?q=toona+ciliata\">http:\/\/www.cabi.org\/fc\/search\/?q=toona+ciliata<\/a>\u00a0(acessado em 05\/08\/2016)<\/p>\n<p>&nbsp;<\/p>\n<p>-Edmonds JM, 1995.\u00a0<strong>Toona. In: Meliaceae, by Mabberley DJ, Pannell CM, Sing AM, eds. Flora Malesiana, Series Spermatophyta<\/strong>, Vol 12 Part 1: 358-371.\u00a0<a href=\"http:\/\/www.hear.org\/pier\/species\/toona_ciliata.htm\">http:\/\/www.hear.org\/pier\/species\/toona_ciliata.htm<\/a><\/p>\n<p>&nbsp;<\/p>\n<p>-Edmonds, J.M., 1993.\u00a0<strong>The potential value of Toona species (Meliaceae) as multipurpose and plantation trees in Southeast Asia.<\/strong>Commonwealth Forestry Review. Vol. 72, No. 3. pp. 181-186.\u00a0<a href=\"http:\/\/www.jstor.org\/stable\/42616713?seq=1#page_scan_tab_contents\">http:\/\/www.jstor.org\/stable\/42616713?seq=1#page_scan_tab_contents<\/a><\/p>\n<p>&nbsp;<\/p>\n<p>-Fenton, R. Roper, R. E. Watt, G. R. 1977.\u00a0<strong>Lowland tropical hardwoods. An annotated biography os selected species with plantation potencial.<\/strong>\u00a0Wellington. New Xealand: External Aid Division, ministry of Foreign Affairs.<\/p>\n<p>&nbsp;<\/p>\n<p>-Gouv\u00eaa, C. F., Dornelas, M. C., &amp; Rodriguez, A. P. M. (2008).\u00a0<strong>Floral development in the tribe Cedreleae (Meliaceae, sub-family Swietenioideae): Cedrela and Toona.<\/strong>\u00a0<em>Annals of botany<\/em>,\u00a0<em>101<\/em>(1), 39-48.\u00a0<a href=\"http:\/\/aob.oxfordjournals.org\/content\/101\/1\/39.full\">http:\/\/aob.oxfordjournals.org\/content\/101\/1\/39.full<\/a><\/p>\n<p>&nbsp;<\/p>\n<p>-Hua, P., &amp; Edmonds, J. M. (2008).\u00a0<strong>Toona (Endlicher) M. Roemer, Fam. Nat. Syn.<\/strong>\u00a0Monogr. 1: 131. 1846.\u00a0<em>Flora of China<\/em>,\u00a0<em>11<\/em>, 112-115.\u00a0<a href=\"file:\/\/\/C:\/Users\/User\/Desktop\/flora.huh.harvard.edu\/china\/PDF\/PDF11\/Toona.pdf\">flora.huh.harvard.edu\/china\/PDF\/PDF11\/<strong>Toona<\/strong>.pdf<\/a><\/p>\n<p>&nbsp;<\/p>\n<p>-K\u00f6cke , A. V. 2015.\u00a0<strong>Spatio-temporal Evolution of Cedrela (Meliaceae): Climatic Niche Dynamics, Phylogeography and Taxonomy.<\/strong>\u00a0Frankfurt, Alemanha. 149 p.\u00a0 (tesis &#8211; Department of Biology the Johann Wolfgang Goethe University).\u00a0<a href=\"file:\/\/\/C:\/Users\/User\/Desktop\/d-nb.info\/107214672X\/34\">d-nb.info\/107214672X\/34<\/a><\/p>\n<p>&nbsp;<\/p>\n<p>-Koecke, A; Muellner-Riehl, A. N; Pennington, T. D.; Schorr, G; Schnitzler, J. 2013.\u00a0<strong>Niche evolution through time and across continents: the story of Neotropical Cedrela (Meliaceae)<\/strong>. American Journal of Botany 100: 1800\u20131810.\u00a0<a href=\"http:\/\/www.amjbot.org\/content\/100\/9\/1800\">http:\/\/www.amjbot.org\/content\/100\/9\/1800<\/a><\/p>\n<p>&nbsp;<\/p>\n<p>-Pacific Island Ecosystems at Risk (PIER).\u00a0<strong><em>Toona ciliata<\/em>\u00a0M.Roem., Meliaceae: plant threats to Pacific ecosystems.<\/strong>\u00a0Institute of Pacific Islands Forestry, Hawaii, USA.\u00a0<a href=\"http:\/\/www.hear.org\/pier\/species\/toona_ciliata.htm.%20Accessed%20june%202016\">http:\/\/www.hear.org\/pier\/species\/toona_ciliata.htm. Accessed june 2016<\/a>.<\/p>\n<p>&nbsp;<\/p>\n<p>-Streets, R.J, 1962.\u00a0<strong>Exotic forest trees in the British Commonwealth.<\/strong>\u00a0Oxford, UK: Clarendon Press.\u00a0<a href=\"http:\/\/www.cabi.org\/fc\/abstract\/19620605013\">http:\/\/www.cabi.org\/fc\/abstract\/19620605013<\/a><\/p>\n<p>&nbsp;<\/p>\n<p>-Styles, B. T; Vosa, C. G. 1971.\u00a0<strong>Chromosome numbers in the Meliaceae.<\/strong>\u00a0Taxon 20: 485\u2013499.\u00a0<a href=\"http:\/\/www.jstor.org\/stable\/1218250\">www.jstor.org\/stable\/1218250<\/a><\/p>\n<p>&nbsp;<\/p>\n<p>-CABI (2016). Toona ciliata (toon).\u00a0<strong>Forestry compendium<\/strong>\u00a0(Requer proxy de acesso)\u00a0<a href=\"http:\/\/www.cabi.org\/fc\/datasheet\/54175#20127200499\">http:\/\/www.cabi.org\/fc\/datasheet\/54175#20127200499<\/a>\u00a0(Accessed june 2016)<\/p>\n<\/div>\n[\/vc_column_text][\/vc_column][\/vc_row]\n<\/div>","protected":false},"excerpt":{"rendered":"<p>[vc_row][vc_column][vc_column_text] 1) TAXONOMIA, NOMENCLATURA, DISTRIBUI\u00c7\u00c3O GEOGRAFIA E CARACTER\u00cdSTICAS BOT\u00c2NICAS &nbsp; -Bygrave, F. L.; Bygrave, P. L. 2005.\u00a0Growing australian red cedar and other Meliaceae Species in plantation.\u00a0Canberra: RIRDC, 2005. 60 p.\u00a0https:\/\/rirdc.infoservices.com.au\/downloads\/04-135.pdf &nbsp; -CABI (2016).\u00a0Toona ciliata (toon). Forestry compendium.\u00a0http:\/\/www.cabi.org\/fc\/search\/?q=toona+ciliata\u00a0(acessado em 05\/08\/2016) &nbsp; -Edmonds JM, 1995.\u00a0Toona. In: Meliaceae, by Mabberley DJ, Pannell CM, Sing AM, eds. Flora Malesiana,&hellip;<\/p>\n","protected":false},"author":7,"featured_media":0,"parent":1284,"menu_order":0,"comment_status":"closed","ping_status":"closed","template":"templates\/right-sidebar.php","meta":{"_monsterinsights_skip_tracking":false,"_monsterinsights_sitenote_active":false,"_monsterinsights_sitenote_note":"","_monsterinsights_sitenote_category":0,"footnotes":""},"class_list":["post-1292","page","type-page","status-publish","hentry","entry","no-media"],"_links":{"self":[{"href":"https:\/\/belavistaflorestal.com.br\/en\/wp-json\/wp\/v2\/pages\/1292","targetHints":{"allow":["GET"]}}],"collection":[{"href":"https:\/\/belavistaflorestal.com.br\/en\/wp-json\/wp\/v2\/pages"}],"about":[{"href":"https:\/\/belavistaflorestal.com.br\/en\/wp-json\/wp\/v2\/types\/page"}],"author":[{"embeddable":true,"href":"https:\/\/belavistaflorestal.com.br\/en\/wp-json\/wp\/v2\/users\/7"}],"replies":[{"embeddable":true,"href":"https:\/\/belavistaflorestal.com.br\/en\/wp-json\/wp\/v2\/comments?post=1292"}],"version-history":[{"count":1,"href":"https:\/\/belavistaflorestal.com.br\/en\/wp-json\/wp\/v2\/pages\/1292\/revisions"}],"predecessor-version":[{"id":1307,"href":"https:\/\/belavistaflorestal.com.br\/en\/wp-json\/wp\/v2\/pages\/1292\/revisions\/1307"}],"up":[{"embeddable":true,"href":"https:\/\/belavistaflorestal.com.br\/en\/wp-json\/wp\/v2\/pages\/1284"}],"wp:attachment":[{"href":"https:\/\/belavistaflorestal.com.br\/en\/wp-json\/wp\/v2\/media?parent=1292"}],"curies":[{"name":"wp","href":"https:\/\/api.w.org\/{rel}","templated":true}]}}