{"id":1320,"date":"2018-01-23T15:37:36","date_gmt":"2018-01-23T18:37:36","guid":{"rendered":"https:\/\/belavistaflorestal.com.br\/downloads\/"},"modified":"2018-07-27T12:02:49","modified_gmt":"2018-07-27T15:02:49","slug":"downloads","status":"publish","type":"page","link":"https:\/\/belavistaflorestal.com.br\/en\/downloads\/","title":{"rendered":"DOWNLOADS"},"content":{"rendered":"<div class=\"wpb-content-wrapper\">[vc_row][vc_column][vc_column_text]\n<div class=\"h1_center\">\n<h1><span class=\"downloads_breadcrumb\"><a href=\"https:\/\/belavistaflorestal.com.br\/plus\/modulos\/downloads\/viewcat.php?op=&amp;cid=1\">DOWNLOAD<\/a><\/span><\/h1>\n<\/div>\n<div class=\"descricaroDownload\">\n<p>Disponibilizamos os arquivos abaixo para download.<\/p>\n<p>S\u00e3o textos t\u00e9cnicos, artigos cient\u00edficos e apresenta\u00e7\u00f5es sobre o cedro australiano.<\/p>\n<\/div>\n[\/vc_column_text][vc_empty_space][vc_column_text]\n<p><i class=\"fa fa-file-pdf-o\" aria-hidden=\"true\"><\/i>\u00a0 <a  data-e-Disable-Page-Transition=\"true\" class=\"download-link\" title=\"\" href=\"http:\/\/belavistaflorestal.com.br\/download\/apresentacao-do-protetor-de-mudas-da-bela-vista-florestal\/?tmstv=1775912509\" rel=\"nofollow\" id=\"download-link-641\" >\n\tAPRESENTA\u00c7\u00c3O DO PROTETOR DE MUDAS DA BELA VISTA FLORESTAL\t(3772 downloads\t)\n<\/a>\n\n<hr \/>\n[\/vc_column_text][vc_column_text]<i class=\"fa fa-file-pdf-o\" aria-hidden=\"true\"><\/i>\u00a0 <a  data-e-Disable-Page-Transition=\"true\" class=\"download-link\" title=\"\" href=\"http:\/\/belavistaflorestal.com.br\/download\/clone-ou-semente-qual-plantar\/?tmstv=1775912509\" rel=\"nofollow\" id=\"download-link-653\" >\n\tCLONE OU SEMENTE? QUAL PLANTAR?\t(3527 downloads\t)\n<\/a>\n\n<hr \/>\n[\/vc_column_text][vc_column_text]<i class=\"fa fa-file-pdf-o\" aria-hidden=\"true\"><\/i>\u00a0 <a  data-e-Disable-Page-Transition=\"true\" class=\"download-link\" title=\"\" href=\"http:\/\/belavistaflorestal.com.br\/download\/historia-do-cedro-australiano\/?tmstv=1775912509\" rel=\"nofollow\" id=\"download-link-657\" >\n\tHIST\u00d3RIA DO CEDRO AUSTRALIANO\t(3948 downloads\t)\n<\/a>\n\n<hr \/>\n[\/vc_column_text][vc_column_text]<i class=\"fa fa-file-pdf-o\" aria-hidden=\"true\"><\/i>\u00a0 <a  data-e-Disable-Page-Transition=\"true\" class=\"download-link\" title=\"\" href=\"http:\/\/belavistaflorestal.com.br\/download\/informacoes-sobre-ferramentas-de-desrama-em-cedro-australiano\/?tmstv=1775912509\" rel=\"nofollow\" id=\"download-link-660\" >\n\tINFORMA\u00c7\u00d5ES SOBRE FERRAMENTAS DE DESRAMA EM CEDRO AUSTRALIANO\t(773 downloads\t)\n<\/a>\n\n<hr \/>\n[\/vc_column_text][vc_column_text]<i class=\"fa fa-file-pdf-o\" aria-hidden=\"true\"><\/i>\u00a0 <a  data-e-Disable-Page-Transition=\"true\" class=\"download-link\" title=\"\" href=\"http:\/\/belavistaflorestal.com.br\/download\/manual-de-identificacao-de-deficiencia-nutricional-na-cultura-do-cedro-australiano\/?tmstv=1775912509\" rel=\"nofollow\" id=\"download-link-664\" >\n\tMANUAL DE IDENTIFICA\u00c7\u00c3O DE DEFICI\u00caNCIA NUTRICIONAL NA CULTURA DO CEDRO AUSTRALIANO\t(6375 downloads\t)\n<\/a>\n\n<hr \/>\n[\/vc_column_text][vc_column_text]<i class=\"fa fa-file-pdf-o\" aria-hidden=\"true\"><\/i>\u00a0 <a  data-e-Disable-Page-Transition=\"true\" class=\"download-link\" title=\"\" href=\"http:\/\/belavistaflorestal.com.br\/download\/orientacoes-para-viveiro-de-espera\/?tmstv=1775912509\" rel=\"nofollow\" id=\"download-link-668\" >\n\tORIENTA\u00c7\u00d5ES PARA VIVEIRO DE ESPERA\t(3790 downloads\t)\n<\/a>\n\n<hr \/>\n[\/vc_column_text][vc_column_text]<i class=\"fa fa-file-pdf-o\" aria-hidden=\"true\"><\/i>\u00a0 <a  data-e-Disable-Page-Transition=\"true\" class=\"download-link\" title=\"\" href=\"http:\/\/belavistaflorestal.com.br\/download\/recomendacoes-para-plantio-de-cedro-australiano-clonal-versao-3-0\/?tmstv=1775912509\" rel=\"nofollow\" id=\"download-link-672\" >\n\tRECOMENDA\u00c7\u00d5ES PARA PLANTIO DE CEDRO AUSTRALIANO CLONAL - VERS\u00c3O 3.0\t(5894 downloads\t)\n<\/a>\n\n<hr \/>\n[\/vc_column_text][vc_column_text]<i class=\"fa fa-file-pdf-o\" aria-hidden=\"true\"><\/i>\u00a0 <a  data-e-Disable-Page-Transition=\"true\" class=\"download-link\" title=\"\" href=\"http:\/\/belavistaflorestal.com.br\/download\/uso-de-micronutrientes-na-cultura-do-cedro-australiano\/?tmstv=1775912509\" rel=\"nofollow\" id=\"download-link-676\" >\n\tUSO DE MICRONUTRIENTES NA CULTURA DO CEDRO AUSTRALIANO\t(3749 downloads\t)\n<\/a>\n\n<hr \/>\n[\/vc_column_text][\/vc_column][\/vc_row]\n<\/div>","protected":false},"excerpt":{"rendered":"<p>[vc_row][vc_column][vc_column_text] DOWNLOAD Disponibilizamos os arquivos abaixo para download. S\u00e3o textos t\u00e9cnicos, artigos cient\u00edficos e apresenta\u00e7\u00f5es sobre o cedro australiano. [\/vc_column_text][vc_empty_space][vc_column_text] \u00a0 [\/vc_column_text][vc_column_text]\u00a0 [\/vc_column_text][vc_column_text]\u00a0 [\/vc_column_text][vc_column_text]\u00a0 [\/vc_column_text][vc_column_text]\u00a0 [\/vc_column_text][vc_column_text]\u00a0 [\/vc_column_text][vc_column_text]\u00a0 [\/vc_column_text][vc_column_text]\u00a0 [\/vc_column_text][\/vc_column][\/vc_row]<\/p>\n","protected":false},"author":7,"featured_media":0,"parent":0,"menu_order":0,"comment_status":"closed","ping_status":"closed","template":"","meta":{"_monsterinsights_skip_tracking":false,"_monsterinsights_sitenote_active":false,"_monsterinsights_sitenote_note":"","_monsterinsights_sitenote_category":0,"footnotes":""},"class_list":["post-1320","page","type-page","status-publish","hentry","entry","no-media"],"_links":{"self":[{"href":"https:\/\/belavistaflorestal.com.br\/en\/wp-json\/wp\/v2\/pages\/1320","targetHints":{"allow":["GET"]}}],"collection":[{"href":"https:\/\/belavistaflorestal.com.br\/en\/wp-json\/wp\/v2\/pages"}],"about":[{"href":"https:\/\/belavistaflorestal.com.br\/en\/wp-json\/wp\/v2\/types\/page"}],"author":[{"embeddable":true,"href":"https:\/\/belavistaflorestal.com.br\/en\/wp-json\/wp\/v2\/users\/7"}],"replies":[{"embeddable":true,"href":"https:\/\/belavistaflorestal.com.br\/en\/wp-json\/wp\/v2\/comments?post=1320"}],"version-history":[{"count":1,"href":"https:\/\/belavistaflorestal.com.br\/en\/wp-json\/wp\/v2\/pages\/1320\/revisions"}],"predecessor-version":[{"id":1326,"href":"https:\/\/belavistaflorestal.com.br\/en\/wp-json\/wp\/v2\/pages\/1320\/revisions\/1326"}],"wp:attachment":[{"href":"https:\/\/belavistaflorestal.com.br\/en\/wp-json\/wp\/v2\/media?parent=1320"}],"curies":[{"name":"wp","href":"https:\/\/api.w.org\/{rel}","templated":true}]}}