{"id":1321,"date":"2018-01-23T15:01:27","date_gmt":"2018-01-23T18:01:27","guid":{"rendered":"https:\/\/belavistaflorestal.com.br\/ilpf-consorcios\/"},"modified":"2018-07-27T12:05:33","modified_gmt":"2018-07-27T15:05:33","slug":"ilpf-consorcios","status":"publish","type":"page","link":"https:\/\/belavistaflorestal.com.br\/en\/ilpf-consorcios\/","title":{"rendered":"ILPF\/CONS\u00d3RCIOS"},"content":{"rendered":"<div class=\"wpb-content-wrapper\">[vc_row][vc_column][vc_column_text]\n<div class=\"h1_center\">\n<h1>ILPF\/CONS\u00d3RCIOS<\/h1>\n<\/div>\n<div class=\"conteudoTexto\">\n<p>&nbsp;<\/p>\n<p>O cedro australiano apresenta v\u00e1rias alternativas de cultivo em cons\u00f3rcio com culturas anuais e perenes, dentro dos preceitos colocados pela pol\u00edtica de Integra\u00e7\u00e3o Lavoura Pecu\u00e1ria Floresta (ILPF)<\/p>\n<p>S\u00e3o v\u00e1rias possibilidades.\u00a0Entre em contato conosco para saber mais sobre estas op\u00e7\u00f5es.<\/p>\n<\/div>\n[\/vc_column_text][vc_empty_space][\/vc_column][\/vc_row][vc_row][vc_column width=&#8221;1\/2&#8243;][vc_single_image image=&#8221;621&#8243; alignment=&#8221;center&#8221;][vc_empty_space][\/vc_column][vc_column width=&#8221;1\/2&#8243;][vc_single_image image=&#8221;622&#8243; alignment=&#8221;center&#8221;][vc_empty_space][\/vc_column][\/vc_row][vc_row][vc_column width=&#8221;1\/2&#8243;][vc_single_image image=&#8221;623&#8243; alignment=&#8221;center&#8221;][vc_empty_space][\/vc_column][vc_column width=&#8221;1\/2&#8243;][vc_single_image image=&#8221;624&#8243; alignment=&#8221;center&#8221;][vc_empty_space][\/vc_column][\/vc_row][vc_row][vc_column width=&#8221;1\/2&#8243;][vc_single_image image=&#8221;625&#8243; alignment=&#8221;center&#8221;][vc_empty_space][\/vc_column][vc_column width=&#8221;1\/2&#8243;][vc_single_image image=&#8221;626&#8243; alignment=&#8221;center&#8221;][vc_empty_space][\/vc_column][\/vc_row][vc_row][vc_column width=&#8221;1\/4&#8243;][\/vc_column][vc_column width=&#8221;1\/2&#8243;][vc_single_image image=&#8221;627&#8243; alignment=&#8221;center&#8221;][vc_empty_space][\/vc_column][vc_column width=&#8221;1\/4&#8243;][\/vc_column][\/vc_row]\n<\/div>","protected":false},"excerpt":{"rendered":"<p>[vc_row][vc_column][vc_column_text] ILPF\/CONS\u00d3RCIOS &nbsp; O cedro australiano apresenta v\u00e1rias alternativas de cultivo em cons\u00f3rcio com culturas anuais e perenes, dentro dos preceitos colocados pela pol\u00edtica de Integra\u00e7\u00e3o Lavoura Pecu\u00e1ria Floresta (ILPF) S\u00e3o v\u00e1rias possibilidades.\u00a0Entre em contato conosco para saber mais sobre estas op\u00e7\u00f5es. [\/vc_column_text][vc_empty_space][\/vc_column][\/vc_row][vc_row][vc_column width=&#8221;1\/2&#8243;][vc_single_image image=&#8221;621&#8243; alignment=&#8221;center&#8221;][vc_empty_space][\/vc_column][vc_column width=&#8221;1\/2&#8243;][vc_single_image image=&#8221;622&#8243; alignment=&#8221;center&#8221;][vc_empty_space][\/vc_column][\/vc_row][vc_row][vc_column width=&#8221;1\/2&#8243;][vc_single_image image=&#8221;623&#8243; alignment=&#8221;center&#8221;][vc_empty_space][\/vc_column][vc_column width=&#8221;1\/2&#8243;][vc_single_image image=&#8221;624&#8243; alignment=&#8221;center&#8221;][vc_empty_space][\/vc_column][\/vc_row][vc_row][vc_column&hellip;<\/p>\n","protected":false},"author":7,"featured_media":0,"parent":0,"menu_order":0,"comment_status":"closed","ping_status":"closed","template":"","meta":{"_monsterinsights_skip_tracking":false,"_monsterinsights_sitenote_active":false,"_monsterinsights_sitenote_note":"","_monsterinsights_sitenote_category":0,"footnotes":""},"class_list":["post-1321","page","type-page","status-publish","hentry","entry","no-media"],"_links":{"self":[{"href":"https:\/\/belavistaflorestal.com.br\/en\/wp-json\/wp\/v2\/pages\/1321","targetHints":{"allow":["GET"]}}],"collection":[{"href":"https:\/\/belavistaflorestal.com.br\/en\/wp-json\/wp\/v2\/pages"}],"about":[{"href":"https:\/\/belavistaflorestal.com.br\/en\/wp-json\/wp\/v2\/types\/page"}],"author":[{"embeddable":true,"href":"https:\/\/belavistaflorestal.com.br\/en\/wp-json\/wp\/v2\/users\/7"}],"replies":[{"embeddable":true,"href":"https:\/\/belavistaflorestal.com.br\/en\/wp-json\/wp\/v2\/comments?post=1321"}],"version-history":[{"count":1,"href":"https:\/\/belavistaflorestal.com.br\/en\/wp-json\/wp\/v2\/pages\/1321\/revisions"}],"predecessor-version":[{"id":1327,"href":"https:\/\/belavistaflorestal.com.br\/en\/wp-json\/wp\/v2\/pages\/1321\/revisions\/1327"}],"wp:attachment":[{"href":"https:\/\/belavistaflorestal.com.br\/en\/wp-json\/wp\/v2\/media?parent=1321"}],"curies":[{"name":"wp","href":"https:\/\/api.w.org\/{rel}","templated":true}]}}